{"id":1123,"date":"2025-05-15T17:55:44","date_gmt":"2025-05-15T20:55:44","guid":{"rendered":"https:\/\/bconexlatam.com\/?page_id=1123"},"modified":"2025-05-20T13:47:40","modified_gmt":"2025-05-20T16:47:40","slug":"josefina-escobar","status":"publish","type":"page","link":"https:\/\/bconexlatam.com\/en\/nosotros\/josefina-escobar\/","title":{"rendered":"Josefina Escobar"},"content":{"rendered":"\t\t<div data-elementor-type=\"wp-page\" data-elementor-id=\"1123\" class=\"elementor elementor-1123\" data-elementor-post-type=\"page\">\n\t\t\t\t<div class=\"elementor-element elementor-element-91c0b21 e-flex e-con-boxed e-con e-parent\" data-id=\"91c0b21\" data-element_type=\"container\" data-e-type=\"container\">\n\t\t\t\t\t<div class=\"e-con-inner\">\n\t\t<div class=\"elementor-element elementor-element-3359754 e-con-full e-flex e-con e-child\" data-id=\"3359754\" data-element_type=\"container\" data-e-type=\"container\">\n\t\t\t\t<div class=\"elementor-element elementor-element-be74ac3 elementor-widget elementor-widget-qi_addons_for_elementor_team_member\" data-id=\"be74ac3\" data-element_type=\"widget\" data-e-type=\"widget\" data-widget_type=\"qi_addons_for_elementor_team_member.default\">\n\t\t\t\t<div class=\"elementor-widget-container\">\n\t\t\t\t\t<div class=\"qodef-shortcode qodef-m qodef-qi-team-member qodef-item-layout--info-below\">\n\t<div class=\"qodef-m-inner\">\n\t\t<div class=\"qodef-m-image\">\n\t\t\t\t<div class=\"qodef-m-media-image\">\n\t\t<img fetchpriority=\"high\" decoding=\"async\" width=\"349\" height=\"466\" src=\"https:\/\/bconexlatam.com\/wp-content\/uploads\/2025\/05\/BCONEX_Diseno-web_Josefina-Escobar.webp\" class=\"attachment-full size-full\" alt=\"\" srcset=\"https:\/\/bconexlatam.com\/wp-content\/uploads\/2025\/05\/BCONEX_Diseno-web_Josefina-Escobar.webp 349w, https:\/\/bconexlatam.com\/wp-content\/uploads\/2025\/05\/BCONEX_Diseno-web_Josefina-Escobar-225x300.webp 225w\" sizes=\"(max-width: 349px) 100vw, 349px\" \/>\t<\/div>\n\t\t<\/div>\n\t\t<div class=\"qodef-m-content\">\n\t\t\t\t<h1 itemprop=\"name\" class=\"qodef-m-title\">\n\t\tJosefina Escobar\t<\/h1>\n\t\t\t\t\t<p class=\"qodef-m-role\">Socia<\/p>\n\t\t\t\t<div class=\"qodef-m-social-icons\">\n\t\t\t\t\t\t<span class=\"qodef-e-social-icon\">\n\t\t\t\t\t<svg aria-hidden=\"true\" class=\"e-font-icon-svg e-fab-linkedin-in\" viewBox=\"0 0 448 512\" xmlns=\"http:\/\/www.w3.org\/2000\/svg\"><path d=\"M100.28 448H7.4V148.9h92.88zM53.79 108.1C24.09 108.1 0 83.5 0 53.8a53.79 53.79 0 0 1 107.58 0c0 29.7-24.1 54.3-53.79 54.3zM447.9 448h-92.68V302.4c0-34.7-.7-79.2-48.29-79.2-48.29 0-55.69 37.7-55.69 76.7V448h-92.78V148.9h89.08v40.8h1.3c12.4-23.5 42.69-48.3 87.88-48.3 94 0 111.28 61.9 111.28 142.3V448z\"><\/path><\/svg>\t\t\t\t<\/span>\n\t\t\t\t\t\t\t\t<span class=\"qodef-e-social-icon\">\n\t\t\t\t\t<svg aria-hidden=\"true\" class=\"e-font-icon-svg e-far-envelope\" viewBox=\"0 0 512 512\" xmlns=\"http:\/\/www.w3.org\/2000\/svg\"><path d=\"M464 64H48C21.49 64 0 85.49 0 112v288c0 26.51 21.49 48 48 48h416c26.51 0 48-21.49 48-48V112c0-26.51-21.49-48-48-48zm0 48v40.805c-22.422 18.259-58.168 46.651-134.587 106.49-16.841 13.247-50.201 45.072-73.413 44.701-23.208.375-56.579-31.459-73.413-44.701C106.18 199.465 70.425 171.067 48 152.805V112h416zM48 400V214.398c22.914 18.251 55.409 43.862 104.938 82.646 21.857 17.205 60.134 55.186 103.062 54.955 42.717.231 80.509-37.199 103.053-54.947 49.528-38.783 82.032-64.401 104.947-82.653V400H48z\"><\/path><\/svg>\t\t\t\t<\/span>\n\t\t\t\t\t<\/div>\n\t\t<\/div>\n\t<\/div>\n<\/div>\n\t\t\t\t<\/div>\n\t\t\t\t<\/div>\n\t\t\t\t<\/div>\n\t\t<div class=\"elementor-element elementor-element-36a56f7 e-con-full e-flex e-con e-child\" data-id=\"36a56f7\" data-element_type=\"container\" data-e-type=\"container\">\n\t\t\t\t<div class=\"elementor-element elementor-element-d2e3aab elementor-widget elementor-widget-heading\" data-id=\"d2e3aab\" data-element_type=\"widget\" data-e-type=\"widget\" data-widget_type=\"heading.default\">\n\t\t\t\t<div class=\"elementor-widget-container\">\n\t\t\t\t\t<h2 class=\"elementor-heading-title elementor-size-default\">Formaci\u00f3n y Experiencia<\/h2>\t\t\t\t<\/div>\n\t\t\t\t<\/div>\n\t\t\t\t<div class=\"elementor-element elementor-element-a74c6a8 elementor-widget elementor-widget-text-editor\" data-id=\"a74c6a8\" data-element_type=\"widget\" data-e-type=\"widget\" data-widget_type=\"text-editor.default\">\n\t\t\t\t<div class=\"elementor-widget-container\">\n\t\t\t\t\t\t\t\t\t<p>Socia, especializada en litigios civiles, comerciales y regulatorios, experta en arbitrajes y en resoluci\u00f3n alternativa de conflictos. Juez \u00e1rbitro.<\/p>\n<ul>\n<li data-leveltext=\"\uf0b7\" data-font=\"Symbol\" data-listid=\"1\" data-list-defn-props=\"{&quot;335552541&quot;:1,&quot;335559685&quot;:720,&quot;335559991&quot;:360,&quot;469769226&quot;:&quot;Symbol&quot;,&quot;469769242&quot;:[8226],&quot;469777803&quot;:&quot;left&quot;,&quot;469777804&quot;:&quot;\uf0b7&quot;,&quot;469777815&quot;:&quot;multilevel&quot;}\" aria-setsize=\"-1\" data-aria-posinset=\"1\" data-aria-level=\"1\"><strong>Experiencia profesional:<br><\/strong>2025 &#8211; Juez \u00c1rbitro Ilustr\u00edsima Corte de Apelaciones de Santiago<br>2025 &#8211; Juez \u00c1rbitro Ilustr\u00edsima Corte de Apelaciones de San Miguel<br>2017 a la fecha \/ Ovalle Consejeros Legales<br>2015 &#8211; 2017 \/ Ministerio Secretar\u00eda General del Gobierno<br>2007 &#8211; 2015 \/ Bofill Mir &amp; \u00c1lvarez Jana Abogados<br>2006 &#8211; 2007 \/ Bofill Abogados<br>2003 &#8211; 2006 \/ Carey y C\u00eda.<strong><br><\/strong><\/li>\n<li data-leveltext=\"\uf0b7\" data-font=\"Symbol\" data-listid=\"1\" data-list-defn-props=\"{&quot;335552541&quot;:1,&quot;335559685&quot;:720,&quot;335559991&quot;:360,&quot;469769226&quot;:&quot;Symbol&quot;,&quot;469769242&quot;:[8226],&quot;469777803&quot;:&quot;left&quot;,&quot;469777804&quot;:&quot;\uf0b7&quot;,&quot;469777815&quot;:&quot;multilevel&quot;}\" aria-setsize=\"-1\" data-aria-posinset=\"1\" data-aria-level=\"1\"><strong>Trayectoria:<\/strong><br>\u2022 Experta en litigios civiles, comerciales y regulatorios.<br>\u2022 Particip\u00f3 en el dise\u00f1o e implementaci\u00f3n, en representaci\u00f3n de Corfo, de la estrategia de recupero por la v\u00eda civil de dineros desfalcados al Fisco por Grupo Inverlink.<br>\u2022 Representaci\u00f3n de Codelco en conflictos contractuales con empresas proveedoras de suministro el\u00e9ctrico por divisiones Ventanas.<br>\u2022 Representaci\u00f3n de empresas sectoriales como ENAP, empresas mineras y el\u00e9ctricas en diversos conflictos contractuales relativos al suministro el\u00e9ctrico, conflictos medio ambientales y relativos al incumplimiento de contratos de construcci\u00f3n, entre otros.<\/li>\n<li><strong>Educaci\u00f3n:<br><\/strong>\u2022 LLM, Universidad de Nueva York, 2012<br>\u2022 Diplomado Nuevos Problemas de Responsabilidad Civil en el Derecho Chileno, calificaci\u00f3n m\u00e1xima, 2008<br>\u2022 Licenciado en Ciencias Jur\u00eddicas y Sociales, aprobada con distinci\u00f3n m\u00e1xima, Universidad de Chile. Titulada en 2006<\/li>\n<li data-leveltext=\"o\" data-font=\"Courier New\" data-listid=\"1\" data-list-defn-props=\"{&quot;335552541&quot;:1,&quot;335559685&quot;:1440,&quot;335559991&quot;:360,&quot;469769226&quot;:&quot;Courier New&quot;,&quot;469769242&quot;:[9675],&quot;469777803&quot;:&quot;left&quot;,&quot;469777804&quot;:&quot;o&quot;,&quot;469777815&quot;:&quot;multilevel&quot;}\" aria-setsize=\"-1\" data-aria-posinset=\"2\" data-aria-level=\"2\"><b><span data-contrast=\"auto\">Actividades acad\u00e9micas<\/span><\/b><span data-contrast=\"auto\">:&nbsp;<br><\/span>\u2022 Acreditaci\u00f3n Chilecompras en procedimientos de compras p\u00fablicas para Jefes de Servicio.<br>\u2022 Ayudante del Departamento de Derecho Privado, Universidad de Chile.<br>\u2022 Ciclo de ayudant\u00edas curso \u201cRedacci\u00f3n Jur\u00eddica\u201d, Universidad Adolfo Ib\u00e1\u00f1ez.<br>\u2022 Ayudante regular de C\u00e1tedra de Derecho Constitucional I y II, Universidad de Chile.<\/li>\n<li><strong>Membres\u00edas: <\/strong>&nbsp;Miembro del Colegio de Abogados de Chile.<\/li>\n<li><strong>Idiomas: <\/strong>Espa\u00f1ol e ingl\u00e9s<\/li>\n<\/ul>\t\t\t\t\t\t\t\t<\/div>\n\t\t\t\t<\/div>\n\t\t\t\t<\/div>\n\t\t\t\t\t<\/div>\n\t\t\t\t<\/div>\n\t\t\t\t<\/div>\n\t\t","protected":false},"excerpt":{"rendered":"<p>Josefina Escobar Socia Formaci\u00f3n y Experiencia Socia, especializada en litigios civiles, comerciales y regulatorios, experta en arbitrajes y en resoluci\u00f3n [&hellip;]<\/p>\n","protected":false},"author":3,"featured_media":0,"parent":74,"menu_order":0,"comment_status":"closed","ping_status":"closed","template":"","meta":{"inline_featured_image":false,"site-sidebar-layout":"no-sidebar","site-content-layout":"","ast-site-content-layout":"full-width-container","site-content-style":"default","site-sidebar-style":"default","ast-global-header-display":"","ast-banner-title-visibility":"","ast-main-header-display":"","ast-hfb-above-header-display":"","ast-hfb-below-header-display":"","ast-hfb-mobile-header-display":"","site-post-title":"disabled","ast-breadcrumbs-content":"","ast-featured-img":"disabled","footer-sml-layout":"","ast-disable-related-posts":"","theme-transparent-header-meta":"","adv-header-id-meta":"","stick-header-meta":"","header-above-stick-meta":"","header-main-stick-meta":"","header-below-stick-meta":"","astra-migrate-meta-layouts":"default","ast-page-background-enabled":"default","ast-page-background-meta":{"desktop":{"background-color":"var(--ast-global-color-4)","background-image":"","background-repeat":"repeat","background-position":"center center","background-size":"auto","background-attachment":"scroll","background-type":"","background-media":"","overlay-type":"","overlay-color":"","overlay-opacity":"","overlay-gradient":""},"tablet":{"background-color":"","background-image":"","background-repeat":"repeat","background-position":"center center","background-size":"auto","background-attachment":"scroll","background-type":"","background-media":"","overlay-type":"","overlay-color":"","overlay-opacity":"","overlay-gradient":""},"mobile":{"background-color":"","background-image":"","background-repeat":"repeat","background-position":"center center","background-size":"auto","background-attachment":"scroll","background-type":"","background-media":"","overlay-type":"","overlay-color":"","overlay-opacity":"","overlay-gradient":""}},"ast-content-background-meta":{"desktop":{"background-color":"var(--ast-global-color-5)","background-image":"","background-repeat":"repeat","background-position":"center center","background-size":"auto","background-attachment":"scroll","background-type":"","background-media":"","overlay-type":"","overlay-color":"","overlay-opacity":"","overlay-gradient":""},"tablet":{"background-color":"var(--ast-global-color-5)","background-image":"","background-repeat":"repeat","background-position":"center center","background-size":"auto","background-attachment":"scroll","background-type":"","background-media":"","overlay-type":"","overlay-color":"","overlay-opacity":"","overlay-gradient":""},"mobile":{"background-color":"var(--ast-global-color-5)","background-image":"","background-repeat":"repeat","background-position":"center center","background-size":"auto","background-attachment":"scroll","background-type":"","background-media":"","overlay-type":"","overlay-color":"","overlay-opacity":"","overlay-gradient":""}},"footnotes":""},"class_list":["post-1123","page","type-page","status-publish","hentry"],"yoast_head":"<!-- This site is optimized with the Yoast SEO plugin v27.5 - https:\/\/yoast.com\/product\/yoast-seo-wordpress\/ -->\n<title>Josefina Escobar - B-Conex Latam<\/title>\n<meta name=\"description\" content=\"B-Conex Latam - Gesti\u00f3n legal integral para Am\u00e9rica Latina - Consulte sobre nuestras \u00e1reas de pr\u00e1ctica - Josefina Escobar\" \/>\n<meta name=\"robots\" content=\"index, follow, max-snippet:-1, max-image-preview:large, max-video-preview:-1\" \/>\n<link rel=\"canonical\" href=\"https:\/\/bconexlatam.com\/en\/nosotros\/josefina-escobar\/\" \/>\n<meta property=\"og:locale\" content=\"en_GB\" \/>\n<meta property=\"og:type\" content=\"article\" \/>\n<meta property=\"og:title\" content=\"Josefina Escobar - B-Conex Latam\" \/>\n<meta property=\"og:description\" content=\"B-Conex Latam - Gesti\u00f3n legal integral para Am\u00e9rica Latina - Consulte sobre nuestras \u00e1reas de pr\u00e1ctica - Josefina Escobar\" \/>\n<meta property=\"og:url\" content=\"https:\/\/bconexlatam.com\/en\/nosotros\/josefina-escobar\/\" \/>\n<meta property=\"og:site_name\" content=\"B-Conex Latam\" \/>\n<meta property=\"article:modified_time\" content=\"2025-05-20T16:47:40+00:00\" \/>\n<meta property=\"og:image\" content=\"https:\/\/bconexlatam.com\/wp-content\/uploads\/2025\/05\/BCONEX_Diseno-web_Josefina-Escobar.webp\" \/>\n<meta name=\"twitter:card\" content=\"summary_large_image\" \/>\n<meta name=\"twitter:label1\" content=\"Estimated reading time\" \/>\n\t<meta name=\"twitter:data1\" content=\"2 minutes\" \/>\n<script type=\"application\/ld+json\" class=\"yoast-schema-graph\">{\"@context\":\"https:\\\/\\\/schema.org\",\"@graph\":[{\"@type\":\"WebPage\",\"@id\":\"https:\\\/\\\/bconexlatam.com\\\/nosotros\\\/josefina-escobar\\\/\",\"url\":\"https:\\\/\\\/bconexlatam.com\\\/nosotros\\\/josefina-escobar\\\/\",\"name\":\"Josefina Escobar - B-Conex Latam\",\"isPartOf\":{\"@id\":\"https:\\\/\\\/bconexlatam.com\\\/#website\"},\"primaryImageOfPage\":{\"@id\":\"https:\\\/\\\/bconexlatam.com\\\/nosotros\\\/josefina-escobar\\\/#primaryimage\"},\"image\":{\"@id\":\"https:\\\/\\\/bconexlatam.com\\\/nosotros\\\/josefina-escobar\\\/#primaryimage\"},\"thumbnailUrl\":\"https:\\\/\\\/bconexlatam.com\\\/wp-content\\\/uploads\\\/2025\\\/05\\\/BCONEX_Diseno-web_Josefina-Escobar.webp\",\"datePublished\":\"2025-05-15T20:55:44+00:00\",\"dateModified\":\"2025-05-20T16:47:40+00:00\",\"description\":\"B-Conex Latam - Gesti\u00f3n legal integral para Am\u00e9rica Latina - Consulte sobre nuestras \u00e1reas de pr\u00e1ctica - Josefina Escobar\",\"breadcrumb\":{\"@id\":\"https:\\\/\\\/bconexlatam.com\\\/nosotros\\\/josefina-escobar\\\/#breadcrumb\"},\"inLanguage\":\"en-GB\",\"potentialAction\":[{\"@type\":\"ReadAction\",\"target\":[\"https:\\\/\\\/bconexlatam.com\\\/nosotros\\\/josefina-escobar\\\/\"]}]},{\"@type\":\"ImageObject\",\"inLanguage\":\"en-GB\",\"@id\":\"https:\\\/\\\/bconexlatam.com\\\/nosotros\\\/josefina-escobar\\\/#primaryimage\",\"url\":\"https:\\\/\\\/bconexlatam.com\\\/wp-content\\\/uploads\\\/2025\\\/05\\\/BCONEX_Diseno-web_Josefina-Escobar.webp\",\"contentUrl\":\"https:\\\/\\\/bconexlatam.com\\\/wp-content\\\/uploads\\\/2025\\\/05\\\/BCONEX_Diseno-web_Josefina-Escobar.webp\"},{\"@type\":\"BreadcrumbList\",\"@id\":\"https:\\\/\\\/bconexlatam.com\\\/nosotros\\\/josefina-escobar\\\/#breadcrumb\",\"itemListElement\":[{\"@type\":\"ListItem\",\"position\":1,\"name\":\"Inicio\",\"item\":\"https:\\\/\\\/bconexlatam.com\\\/\"},{\"@type\":\"ListItem\",\"position\":2,\"name\":\"Nosotros\",\"item\":\"https:\\\/\\\/bconexlatam.com\\\/nosotros\\\/\"},{\"@type\":\"ListItem\",\"position\":3,\"name\":\"Josefina Escobar\"}]},{\"@type\":\"WebSite\",\"@id\":\"https:\\\/\\\/bconexlatam.com\\\/#website\",\"url\":\"https:\\\/\\\/bconexlatam.com\\\/\",\"name\":\"B-Conex Latam\",\"description\":\"Gesti\u00f3n legal integral para Am\u00e9rica Latina\",\"publisher\":{\"@id\":\"https:\\\/\\\/bconexlatam.com\\\/#organization\"},\"potentialAction\":[{\"@type\":\"SearchAction\",\"target\":{\"@type\":\"EntryPoint\",\"urlTemplate\":\"https:\\\/\\\/bconexlatam.com\\\/?s={search_term_string}\"},\"query-input\":{\"@type\":\"PropertyValueSpecification\",\"valueRequired\":true,\"valueName\":\"search_term_string\"}}],\"inLanguage\":\"en-GB\"},{\"@type\":\"Organization\",\"@id\":\"https:\\\/\\\/bconexlatam.com\\\/#organization\",\"name\":\"B-Conex Latam\",\"url\":\"https:\\\/\\\/bconexlatam.com\\\/\",\"logo\":{\"@type\":\"ImageObject\",\"inLanguage\":\"en-GB\",\"@id\":\"https:\\\/\\\/bconexlatam.com\\\/#\\\/schema\\\/logo\\\/image\\\/\",\"url\":\"https:\\\/\\\/bconexlatam.com\\\/wp-content\\\/uploads\\\/2025\\\/05\\\/logoBLANCObconex-01-1.svg\",\"contentUrl\":\"https:\\\/\\\/bconexlatam.com\\\/wp-content\\\/uploads\\\/2025\\\/05\\\/logoBLANCObconex-01-1.svg\",\"width\":300,\"height\":102,\"caption\":\"B-Conex Latam\"},\"image\":{\"@id\":\"https:\\\/\\\/bconexlatam.com\\\/#\\\/schema\\\/logo\\\/image\\\/\"},\"sameAs\":[\"https:\\\/\\\/www.linkedin.com\\\/company\\\/b-conex\\\/\"]}]}<\/script>\n<!-- \/ Yoast SEO plugin. -->","yoast_head_json":{"title":"Josefina Escobar - B-Conex Latam","description":"B-Conex Latam - Gesti\u00f3n legal integral para Am\u00e9rica Latina - Consulte sobre nuestras \u00e1reas de pr\u00e1ctica - Josefina Escobar","robots":{"index":"index","follow":"follow","max-snippet":"max-snippet:-1","max-image-preview":"max-image-preview:large","max-video-preview":"max-video-preview:-1"},"canonical":"https:\/\/bconexlatam.com\/en\/nosotros\/josefina-escobar\/","og_locale":"en_GB","og_type":"article","og_title":"Josefina Escobar - B-Conex Latam","og_description":"B-Conex Latam - Gesti\u00f3n legal integral para Am\u00e9rica Latina - Consulte sobre nuestras \u00e1reas de pr\u00e1ctica - Josefina Escobar","og_url":"https:\/\/bconexlatam.com\/en\/nosotros\/josefina-escobar\/","og_site_name":"B-Conex Latam","article_modified_time":"2025-05-20T16:47:40+00:00","og_image":[{"url":"https:\/\/bconexlatam.com\/wp-content\/uploads\/2025\/05\/BCONEX_Diseno-web_Josefina-Escobar.webp","type":"","width":"","height":""}],"twitter_card":"summary_large_image","twitter_misc":{"Estimated reading time":"2 minutes"},"schema":{"@context":"https:\/\/schema.org","@graph":[{"@type":"WebPage","@id":"https:\/\/bconexlatam.com\/nosotros\/josefina-escobar\/","url":"https:\/\/bconexlatam.com\/nosotros\/josefina-escobar\/","name":"Josefina Escobar - B-Conex Latam","isPartOf":{"@id":"https:\/\/bconexlatam.com\/#website"},"primaryImageOfPage":{"@id":"https:\/\/bconexlatam.com\/nosotros\/josefina-escobar\/#primaryimage"},"image":{"@id":"https:\/\/bconexlatam.com\/nosotros\/josefina-escobar\/#primaryimage"},"thumbnailUrl":"https:\/\/bconexlatam.com\/wp-content\/uploads\/2025\/05\/BCONEX_Diseno-web_Josefina-Escobar.webp","datePublished":"2025-05-15T20:55:44+00:00","dateModified":"2025-05-20T16:47:40+00:00","description":"B-Conex Latam - Gesti\u00f3n legal integral para Am\u00e9rica Latina - Consulte sobre nuestras \u00e1reas de pr\u00e1ctica - Josefina Escobar","breadcrumb":{"@id":"https:\/\/bconexlatam.com\/nosotros\/josefina-escobar\/#breadcrumb"},"inLanguage":"en-GB","potentialAction":[{"@type":"ReadAction","target":["https:\/\/bconexlatam.com\/nosotros\/josefina-escobar\/"]}]},{"@type":"ImageObject","inLanguage":"en-GB","@id":"https:\/\/bconexlatam.com\/nosotros\/josefina-escobar\/#primaryimage","url":"https:\/\/bconexlatam.com\/wp-content\/uploads\/2025\/05\/BCONEX_Diseno-web_Josefina-Escobar.webp","contentUrl":"https:\/\/bconexlatam.com\/wp-content\/uploads\/2025\/05\/BCONEX_Diseno-web_Josefina-Escobar.webp"},{"@type":"BreadcrumbList","@id":"https:\/\/bconexlatam.com\/nosotros\/josefina-escobar\/#breadcrumb","itemListElement":[{"@type":"ListItem","position":1,"name":"Inicio","item":"https:\/\/bconexlatam.com\/"},{"@type":"ListItem","position":2,"name":"Nosotros","item":"https:\/\/bconexlatam.com\/nosotros\/"},{"@type":"ListItem","position":3,"name":"Josefina Escobar"}]},{"@type":"WebSite","@id":"https:\/\/bconexlatam.com\/#website","url":"https:\/\/bconexlatam.com\/","name":"B-Conex Latam","description":"Gesti\u00f3n legal integral para Am\u00e9rica Latina","publisher":{"@id":"https:\/\/bconexlatam.com\/#organization"},"potentialAction":[{"@type":"SearchAction","target":{"@type":"EntryPoint","urlTemplate":"https:\/\/bconexlatam.com\/?s={search_term_string}"},"query-input":{"@type":"PropertyValueSpecification","valueRequired":true,"valueName":"search_term_string"}}],"inLanguage":"en-GB"},{"@type":"Organization","@id":"https:\/\/bconexlatam.com\/#organization","name":"B-Conex Latam","url":"https:\/\/bconexlatam.com\/","logo":{"@type":"ImageObject","inLanguage":"en-GB","@id":"https:\/\/bconexlatam.com\/#\/schema\/logo\/image\/","url":"https:\/\/bconexlatam.com\/wp-content\/uploads\/2025\/05\/logoBLANCObconex-01-1.svg","contentUrl":"https:\/\/bconexlatam.com\/wp-content\/uploads\/2025\/05\/logoBLANCObconex-01-1.svg","width":300,"height":102,"caption":"B-Conex Latam"},"image":{"@id":"https:\/\/bconexlatam.com\/#\/schema\/logo\/image\/"},"sameAs":["https:\/\/www.linkedin.com\/company\/b-conex\/"]}]}},"_links":{"self":[{"href":"https:\/\/bconexlatam.com\/en\/wp-json\/wp\/v2\/pages\/1123","targetHints":{"allow":["GET"]}}],"collection":[{"href":"https:\/\/bconexlatam.com\/en\/wp-json\/wp\/v2\/pages"}],"about":[{"href":"https:\/\/bconexlatam.com\/en\/wp-json\/wp\/v2\/types\/page"}],"author":[{"embeddable":true,"href":"https:\/\/bconexlatam.com\/en\/wp-json\/wp\/v2\/users\/3"}],"replies":[{"embeddable":true,"href":"https:\/\/bconexlatam.com\/en\/wp-json\/wp\/v2\/comments?post=1123"}],"version-history":[{"count":7,"href":"https:\/\/bconexlatam.com\/en\/wp-json\/wp\/v2\/pages\/1123\/revisions"}],"predecessor-version":[{"id":1323,"href":"https:\/\/bconexlatam.com\/en\/wp-json\/wp\/v2\/pages\/1123\/revisions\/1323"}],"up":[{"embeddable":true,"href":"https:\/\/bconexlatam.com\/en\/wp-json\/wp\/v2\/pages\/74"}],"wp:attachment":[{"href":"https:\/\/bconexlatam.com\/en\/wp-json\/wp\/v2\/media?parent=1123"}],"curies":[{"name":"wp","href":"https:\/\/api.w.org\/{rel}","templated":true}]}}