{"id":182,"date":"2024-09-11T16:27:15","date_gmt":"2024-09-11T19:27:15","guid":{"rendered":"https:\/\/bconexlatam.com\/?page_id=182"},"modified":"2025-05-20T13:45:18","modified_gmt":"2025-05-20T16:45:18","slug":"expansion-y-gobierno-corporativo","status":"publish","type":"page","link":"https:\/\/bconexlatam.com\/pt\/areas-de-practica\/expansion-y-gobierno-corporativo\/","title":{"rendered":"Expans\u00e3o e governan\u00e7a corporativa"},"content":{"rendered":"<div data-elementor-type=\"wp-page\" data-elementor-id=\"182\" class=\"elementor elementor-182\" data-elementor-post-type=\"page\">\n\t\t\t\t<div class=\"elementor-element elementor-element-9e5dfa6 e-flex e-con-boxed e-con e-parent\" data-id=\"9e5dfa6\" data-element_type=\"container\" data-e-type=\"container\" data-settings=\"{&quot;background_background&quot;:&quot;classic&quot;}\">\n\t\t\t\t\t<div class=\"e-con-inner\">\n\t\t<div class=\"elementor-element elementor-element-f41b929 e-con-full e-flex e-con e-child\" data-id=\"f41b929\" data-element_type=\"container\" data-e-type=\"container\">\n\t\t\t\t<div class=\"elementor-element elementor-element-efc6810 elementor-widget elementor-widget-heading\" data-id=\"efc6810\" data-element_type=\"widget\" data-e-type=\"widget\" data-widget_type=\"heading.default\">\n\t\t\t\t<div class=\"elementor-widget-container\">\n\t\t\t\t\t<h1 class=\"elementor-heading-title elementor-size-default\">Asesor\u00eda societaria internacional y gobernanza corporativa<\/h1>\t\t\t\t<\/div>\n\t\t\t\t<\/div>\n\t\t\t\t<\/div>\n\t\t<div class=\"elementor-element elementor-element-3977584 e-con-full e-flex e-con e-child\" data-id=\"3977584\" data-element_type=\"container\" data-e-type=\"container\" data-settings=\"{&quot;background_background&quot;:&quot;classic&quot;}\">\n\t\t\t\t<div class=\"elementor-element elementor-element-30d6c5c elementor-widget elementor-widget-text-editor\" data-id=\"30d6c5c\" data-element_type=\"widget\" data-e-type=\"widget\" data-widget_type=\"text-editor.default\">\n\t\t\t\t<div class=\"elementor-widget-container\">\n\t\t\t\t\t\t\t\t\t<p>B-Conex ofrece un punto de contacto \u00fanico para gestionar todos los aspectos de la expansi\u00f3n internacional en Am\u00e9rica Latina. Esto elimina la necesidad de coordinar con m\u00faltiples despachos locales, reduciendo la complejidad y asegurando una ejecuci\u00f3n coherente y eficiente de la estrategia de expansi\u00f3n.<\/p>\t\t\t\t\t\t\t\t<\/div>\n\t\t\t\t<\/div>\n\t\t\t\t<\/div>\n\t\t\t\t\t<\/div>\n\t\t\t\t<\/div>\n\t\t<div class=\"elementor-element elementor-element-577cc63 e-flex e-con-boxed e-con e-parent\" data-id=\"577cc63\" data-element_type=\"container\" data-e-type=\"container\">\n\t\t\t\t\t<div class=\"e-con-inner\">\n\t\t<div class=\"elementor-element elementor-element-5cfc626 e-con-full e-flex e-con e-child\" data-id=\"5cfc626\" data-element_type=\"container\" data-e-type=\"container\">\n\t\t\t\t<div class=\"elementor-element elementor-element-d84393a elementor-widget elementor-widget-heading\" data-id=\"d84393a\" data-element_type=\"widget\" data-e-type=\"widget\" data-widget_type=\"heading.default\">\n\t\t\t\t<div class=\"elementor-widget-container\">\n\t\t\t\t\t<h3 class=\"elementor-heading-title elementor-size-default\">1. Soporte integral para la expansi\u00f3n internacional en LATAM<\/h3>\t\t\t\t<\/div>\n\t\t\t\t<\/div>\n\t\t\t\t<div class=\"elementor-element elementor-element-5f8a4c4 elementor-widget elementor-widget-text-editor\" data-id=\"5f8a4c4\" data-element_type=\"widget\" data-e-type=\"widget\" data-widget_type=\"text-editor.default\">\n\t\t\t\t<div class=\"elementor-widget-container\">\n\t\t\t\t\t\t\t\t\t<p><strong>&#8211; Coordinaci\u00f3n centralizada<\/strong>: Brindamos un punto de contacto \u00fanico para empresas que buscan expandirse en Am\u00e9rica Latina, eliminando la necesidad de gestionar m\u00faltiples profesionales locales. B-Conex se encarga de coordinar todas las necesidades legales y regulatorias con despachos de primer nivel en cada pa\u00eds.<\/p><p><strong>&#8211; Asesoramiento estrat\u00e9gico en la elecci\u00f3n de jurisdicciones y tipos de sociedad<\/strong>: Ayudamos a las empresas a identificar las mejores jurisdicciones para su expansi\u00f3n, considerando aspectos legales, fiscales, y operativos, y ofrecemos un an\u00e1lisis comparativo para elegir la estructura societaria m\u00e1s adecuada.<\/p><p>&#8211; <strong>Constituci\u00f3n y registro de entidades<\/strong>: Gestionamos todo el proceso de constituci\u00f3n de sociedades comerciales, inscripci\u00f3n de sucursales y filiales en nuevos mercados, garantizando el cumplimiento normativo y maximizando la eficiencia operativa.<\/p><p><strong>&#8211; Estructuraci\u00f3n de acuerdos internacionales<\/strong>: Facilitamos la creaci\u00f3n de joint ventures, alianzas estrat\u00e9gicas y acuerdos de colaboraci\u00f3n empresarial, asegurando que se adapten a los objetivos de expansi\u00f3n del cliente.<\/p>\t\t\t\t\t\t\t\t<\/div>\n\t\t\t\t<\/div>\n\t\t\t\t<\/div>\n\t\t<div class=\"elementor-element elementor-element-a539fea e-con-full e-flex e-con e-child\" data-id=\"a539fea\" data-element_type=\"container\" data-e-type=\"container\">\n\t\t\t\t<div class=\"elementor-element elementor-element-115b1bf elementor-widget elementor-widget-heading\" data-id=\"115b1bf\" data-element_type=\"widget\" data-e-type=\"widget\" data-widget_type=\"heading.default\">\n\t\t\t\t<div class=\"elementor-widget-container\">\n\t\t\t\t\t<h3 class=\"elementor-heading-title elementor-size-default\">2. Asesoramiento en gobernanza corporativa<\/h3>\t\t\t\t<\/div>\n\t\t\t\t<\/div>\n\t\t\t\t<div class=\"elementor-element elementor-element-2d2a051 elementor-widget elementor-widget-text-editor\" data-id=\"2d2a051\" data-element_type=\"widget\" data-e-type=\"widget\" data-widget_type=\"text-editor.default\">\n\t\t\t\t<div class=\"elementor-widget-container\">\n\t\t\t\t\t\t\t\t\t<p><strong>&#8211; Responsabilidades y funciones de directores y ejecutivos<\/strong>: Orientamos a las empresas en la definici\u00f3n de roles y responsabilidades para cumplir con las mejores pr\u00e1cticas internacionales y los requisitos regulatorios locales.<\/p><p><strong>&#8211; Desarrollo de pol\u00edticas y procedimientos de gobierno corporativo<\/strong>: Ayudamos a establecer un marco de gobernanza robusto que cumpla con las leyes y regulaciones locales e internacionales, adaptando las mejores pr\u00e1cticas a la cultura organizacional del cliente.<\/p>\t\t\t\t\t\t\t\t<\/div>\n\t\t\t\t<\/div>\n\t\t\t\t<\/div>\n\t\t<div class=\"elementor-element elementor-element-54b0c7a e-con-full e-flex e-con e-child\" data-id=\"54b0c7a\" data-element_type=\"container\" data-e-type=\"container\">\n\t\t\t\t<div class=\"elementor-element elementor-element-125d083 elementor-widget elementor-widget-heading\" data-id=\"125d083\" data-element_type=\"widget\" data-e-type=\"widget\" data-widget_type=\"heading.default\">\n\t\t\t\t<div class=\"elementor-widget-container\">\n\t\t\t\t\t<h3 class=\"elementor-heading-title elementor-size-default\">3. Fusiones y Adquisiciones<\/h3>\t\t\t\t<\/div>\n\t\t\t\t<\/div>\n\t\t\t\t<div class=\"elementor-element elementor-element-8bf3a99 elementor-widget elementor-widget-text-editor\" data-id=\"8bf3a99\" data-element_type=\"widget\" data-e-type=\"widget\" data-widget_type=\"text-editor.default\">\n\t\t\t\t<div class=\"elementor-widget-container\">\n\t\t\t\t\t\t\t\t\t<p><strong>&#8211; Estructuraci\u00f3n y Negociaci\u00f3n de Transacciones Transnacionales de M&amp;A<\/strong>: Desde la debida diligencia hasta la integraci\u00f3n post-fusi\u00f3n\/adquisici\u00f3n, proporcionamos un enfoque integrado que facilita la expansi\u00f3n internacional y la entrada en nuevos mercados.<\/p><p><strong>&#8211; Identificaci\u00f3n y mitigaci\u00f3n de riesgos en transacciones internacionales.<\/strong><\/p><p><strong>&#8211; Integraci\u00f3n post-fusi\u00f3n\/adquisici\u00f3n y gesti\u00f3n del cambio<\/strong>: aseguramos una transici\u00f3n suave y una integraci\u00f3n efectiva en nuevos mercados, minimizando la disrupci\u00f3n y maximizando el valor a largo plazo.<\/p><p>\u00a0<\/p>\t\t\t\t\t\t\t\t<\/div>\n\t\t\t\t<\/div>\n\t\t\t\t<\/div>\n\t\t<div class=\"elementor-element elementor-element-9362cc1 e-con-full e-flex e-con e-child\" data-id=\"9362cc1\" data-element_type=\"container\" data-e-type=\"container\">\n\t\t\t\t<div class=\"elementor-element elementor-element-4b7d2ca elementor-widget elementor-widget-heading\" data-id=\"4b7d2ca\" data-element_type=\"widget\" data-e-type=\"widget\" data-widget_type=\"heading.default\">\n\t\t\t\t<div class=\"elementor-widget-container\">\n\t\t\t\t\t<h3 class=\"elementor-heading-title elementor-size-default\">4. Reestructuraciones societarias y disoluciones<\/h3>\t\t\t\t<\/div>\n\t\t\t\t<\/div>\n\t\t\t\t<div class=\"elementor-element elementor-element-a88ca6e elementor-widget elementor-widget-text-editor\" data-id=\"a88ca6e\" data-element_type=\"widget\" data-e-type=\"widget\" data-widget_type=\"text-editor.default\">\n\t\t\t\t<div class=\"elementor-widget-container\">\n\t\t\t\t\t\t\t\t\t<p><strong>&#8211; Reorganizaci\u00f3n y reestructuraci\u00f3n internacional<\/strong>: apoyamos a las empresas en la reorganizaci\u00f3n de sus estructuras a nivel global para mejorar la eficiencia operativa y reducir costos.<\/p><p><strong>&#8211; Planificaci\u00f3n y ejecuci\u00f3n de disoluciones y liquidaciones<\/strong>: ofrecemos asesor\u00eda en el cierre ordenado de operaciones en mercados internacionales, garantizando el cumplimiento legal y la optimizaci\u00f3n de recursos.<\/p>\t\t\t\t\t\t\t\t<\/div>\n\t\t\t\t<\/div>\n\t\t\t\t<\/div>\n\t\t\t\t\t<\/div>\n\t\t\t\t<\/div>\n\t\t\t\t<\/div>","protected":false},"excerpt":{"rendered":"<p>Asesor\u00eda societaria internacional y gobernanza corporativa B-Conex ofrece un punto de contacto \u00fanico para gestionar todos los aspectos de la [&hellip;]<\/p>\n","protected":false},"author":3,"featured_media":346,"parent":171,"menu_order":0,"comment_status":"closed","ping_status":"closed","template":"","meta":{"inline_featured_image":false,"site-sidebar-layout":"no-sidebar","site-content-layout":"","ast-site-content-layout":"full-width-container","site-content-style":"default","site-sidebar-style":"default","ast-global-header-display":"","ast-banner-title-visibility":"","ast-main-header-display":"","ast-hfb-above-header-display":"","ast-hfb-below-header-display":"","ast-hfb-mobile-header-display":"","site-post-title":"disabled","ast-breadcrumbs-content":"","ast-featured-img":"disabled","footer-sml-layout":"","ast-disable-related-posts":"","theme-transparent-header-meta":"","adv-header-id-meta":"","stick-header-meta":"","header-above-stick-meta":"","header-main-stick-meta":"","header-below-stick-meta":"","astra-migrate-meta-layouts":"default","ast-page-background-enabled":"default","ast-page-background-meta":{"desktop":{"background-color":"var(--ast-global-color-4)","background-image":"","background-repeat":"repeat","background-position":"center center","background-size":"auto","background-attachment":"scroll","background-type":"","background-media":"","overlay-type":"","overlay-color":"","overlay-opacity":"","overlay-gradient":""},"tablet":{"background-color":"","background-image":"","background-repeat":"repeat","background-position":"center center","background-size":"auto","background-attachment":"scroll","background-type":"","background-media":"","overlay-type":"","overlay-color":"","overlay-opacity":"","overlay-gradient":""},"mobile":{"background-color":"","background-image":"","background-repeat":"repeat","background-position":"center center","background-size":"auto","background-attachment":"scroll","background-type":"","background-media":"","overlay-type":"","overlay-color":"","overlay-opacity":"","overlay-gradient":""}},"ast-content-background-meta":{"desktop":{"background-color":"var(--ast-global-color-5)","background-image":"","background-repeat":"repeat","background-position":"center center","background-size":"auto","background-attachment":"scroll","background-type":"","background-media":"","overlay-type":"","overlay-color":"","overlay-opacity":"","overlay-gradient":""},"tablet":{"background-color":"var(--ast-global-color-5)","background-image":"","background-repeat":"repeat","background-position":"center center","background-size":"auto","background-attachment":"scroll","background-type":"","background-media":"","overlay-type":"","overlay-color":"","overlay-opacity":"","overlay-gradient":""},"mobile":{"background-color":"var(--ast-global-color-5)","background-image":"","background-repeat":"repeat","background-position":"center center","background-size":"auto","background-attachment":"scroll","background-type":"","background-media":"","overlay-type":"","overlay-color":"","overlay-opacity":"","overlay-gradient":""}},"footnotes":""},"class_list":["post-182","page","type-page","status-publish","has-post-thumbnail","hentry"],"yoast_head":"<!-- This site is optimized with the Yoast SEO plugin v27.5 - https:\/\/yoast.com\/product\/yoast-seo-wordpress\/ -->\n<title>Expansi\u00f3n y Gobierno Corporativo - B-Conex Latam<\/title>\n<meta name=\"description\" content=\"B-Conex Latam - Gesti\u00f3n legal integral para Am\u00e9rica Latina - Consulte sobre expansi\u00f3n y gobierno corporativo\" \/>\n<meta name=\"robots\" content=\"index, follow, max-snippet:-1, max-image-preview:large, max-video-preview:-1\" \/>\n<link rel=\"canonical\" href=\"https:\/\/bconexlatam.com\/pt\/areas-de-practica\/expansion-y-gobierno-corporativo\/\" \/>\n<meta property=\"og:locale\" content=\"pt_BR\" \/>\n<meta property=\"og:type\" content=\"article\" \/>\n<meta property=\"og:title\" content=\"Expansi\u00f3n y Gobierno Corporativo - B-Conex Latam\" \/>\n<meta property=\"og:description\" content=\"B-Conex Latam - Gesti\u00f3n legal integral para Am\u00e9rica Latina - Consulte sobre expansi\u00f3n y gobierno corporativo\" \/>\n<meta property=\"og:url\" content=\"https:\/\/bconexlatam.com\/pt\/areas-de-practica\/expansion-y-gobierno-corporativo\/\" \/>\n<meta property=\"og:site_name\" content=\"B-Conex Latam\" \/>\n<meta property=\"article:modified_time\" content=\"2025-05-20T16:45:18+00:00\" \/>\n<meta property=\"og:image\" content=\"https:\/\/bconexlatam.com\/wp-content\/uploads\/2024\/11\/BCONEX_Diseno-web_Areas_2.webp\" \/>\n\t<meta property=\"og:image:width\" content=\"1201\" \/>\n\t<meta property=\"og:image:height\" content=\"628\" \/>\n\t<meta property=\"og:image:type\" content=\"image\/webp\" \/>\n<meta name=\"twitter:card\" content=\"summary_large_image\" \/>\n<meta name=\"twitter:label1\" content=\"Est. tempo de leitura\" \/>\n\t<meta name=\"twitter:data1\" content=\"3 minutos\" \/>\n<script type=\"application\/ld+json\" class=\"yoast-schema-graph\">{\"@context\":\"https:\\\/\\\/schema.org\",\"@graph\":[{\"@type\":\"WebPage\",\"@id\":\"https:\\\/\\\/bconexlatam.com\\\/areas-de-practica\\\/expansion-y-gobierno-corporativo\\\/\",\"url\":\"https:\\\/\\\/bconexlatam.com\\\/areas-de-practica\\\/expansion-y-gobierno-corporativo\\\/\",\"name\":\"Expansi\u00f3n y Gobierno Corporativo - B-Conex Latam\",\"isPartOf\":{\"@id\":\"https:\\\/\\\/bconexlatam.com\\\/#website\"},\"primaryImageOfPage\":{\"@id\":\"https:\\\/\\\/bconexlatam.com\\\/areas-de-practica\\\/expansion-y-gobierno-corporativo\\\/#primaryimage\"},\"image\":{\"@id\":\"https:\\\/\\\/bconexlatam.com\\\/areas-de-practica\\\/expansion-y-gobierno-corporativo\\\/#primaryimage\"},\"thumbnailUrl\":\"https:\\\/\\\/bconexlatam.com\\\/wp-content\\\/uploads\\\/2024\\\/11\\\/BCONEX_Diseno-web_Areas_2.webp\",\"datePublished\":\"2024-09-11T19:27:15+00:00\",\"dateModified\":\"2025-05-20T16:45:18+00:00\",\"description\":\"B-Conex Latam - Gesti\u00f3n legal integral para Am\u00e9rica Latina - Consulte sobre expansi\u00f3n y gobierno corporativo\",\"breadcrumb\":{\"@id\":\"https:\\\/\\\/bconexlatam.com\\\/areas-de-practica\\\/expansion-y-gobierno-corporativo\\\/#breadcrumb\"},\"inLanguage\":\"pt-BR\",\"potentialAction\":[{\"@type\":\"ReadAction\",\"target\":[\"https:\\\/\\\/bconexlatam.com\\\/areas-de-practica\\\/expansion-y-gobierno-corporativo\\\/\"]}]},{\"@type\":\"ImageObject\",\"inLanguage\":\"pt-BR\",\"@id\":\"https:\\\/\\\/bconexlatam.com\\\/areas-de-practica\\\/expansion-y-gobierno-corporativo\\\/#primaryimage\",\"url\":\"https:\\\/\\\/bconexlatam.com\\\/wp-content\\\/uploads\\\/2024\\\/11\\\/BCONEX_Diseno-web_Areas_2.webp\",\"contentUrl\":\"https:\\\/\\\/bconexlatam.com\\\/wp-content\\\/uploads\\\/2024\\\/11\\\/BCONEX_Diseno-web_Areas_2.webp\",\"width\":1201,\"height\":628},{\"@type\":\"BreadcrumbList\",\"@id\":\"https:\\\/\\\/bconexlatam.com\\\/areas-de-practica\\\/expansion-y-gobierno-corporativo\\\/#breadcrumb\",\"itemListElement\":[{\"@type\":\"ListItem\",\"position\":1,\"name\":\"Inicio\",\"item\":\"https:\\\/\\\/bconexlatam.com\\\/\"},{\"@type\":\"ListItem\",\"position\":2,\"name\":\"\u00c1reas de pr\u00e1ctica\",\"item\":\"https:\\\/\\\/bconexlatam.com\\\/areas-de-practica\\\/\"},{\"@type\":\"ListItem\",\"position\":3,\"name\":\"Expansi\u00f3n y Gobierno Corporativo\"}]},{\"@type\":\"WebSite\",\"@id\":\"https:\\\/\\\/bconexlatam.com\\\/#website\",\"url\":\"https:\\\/\\\/bconexlatam.com\\\/\",\"name\":\"B-Conex Latam\",\"description\":\"Gesti\u00f3n legal integral para Am\u00e9rica Latina\",\"publisher\":{\"@id\":\"https:\\\/\\\/bconexlatam.com\\\/#organization\"},\"potentialAction\":[{\"@type\":\"SearchAction\",\"target\":{\"@type\":\"EntryPoint\",\"urlTemplate\":\"https:\\\/\\\/bconexlatam.com\\\/?s={search_term_string}\"},\"query-input\":{\"@type\":\"PropertyValueSpecification\",\"valueRequired\":true,\"valueName\":\"search_term_string\"}}],\"inLanguage\":\"pt-BR\"},{\"@type\":\"Organization\",\"@id\":\"https:\\\/\\\/bconexlatam.com\\\/#organization\",\"name\":\"B-Conex Latam\",\"url\":\"https:\\\/\\\/bconexlatam.com\\\/\",\"logo\":{\"@type\":\"ImageObject\",\"inLanguage\":\"pt-BR\",\"@id\":\"https:\\\/\\\/bconexlatam.com\\\/#\\\/schema\\\/logo\\\/image\\\/\",\"url\":\"https:\\\/\\\/bconexlatam.com\\\/wp-content\\\/uploads\\\/2025\\\/05\\\/logoBLANCObconex-01-1.svg\",\"contentUrl\":\"https:\\\/\\\/bconexlatam.com\\\/wp-content\\\/uploads\\\/2025\\\/05\\\/logoBLANCObconex-01-1.svg\",\"width\":300,\"height\":102,\"caption\":\"B-Conex Latam\"},\"image\":{\"@id\":\"https:\\\/\\\/bconexlatam.com\\\/#\\\/schema\\\/logo\\\/image\\\/\"},\"sameAs\":[\"https:\\\/\\\/www.linkedin.com\\\/company\\\/b-conex\\\/\"]}]}<\/script>\n<!-- \/ Yoast SEO plugin. -->","yoast_head_json":{"title":"Expansi\u00f3n y Gobierno Corporativo - B-Conex Latam","description":"B-Conex Latam - Gesti\u00f3n legal integral para Am\u00e9rica Latina - Consulte sobre expansi\u00f3n y gobierno corporativo","robots":{"index":"index","follow":"follow","max-snippet":"max-snippet:-1","max-image-preview":"max-image-preview:large","max-video-preview":"max-video-preview:-1"},"canonical":"https:\/\/bconexlatam.com\/pt\/areas-de-practica\/expansion-y-gobierno-corporativo\/","og_locale":"pt_BR","og_type":"article","og_title":"Expansi\u00f3n y Gobierno Corporativo - B-Conex Latam","og_description":"B-Conex Latam - Gesti\u00f3n legal integral para Am\u00e9rica Latina - Consulte sobre expansi\u00f3n y gobierno corporativo","og_url":"https:\/\/bconexlatam.com\/pt\/areas-de-practica\/expansion-y-gobierno-corporativo\/","og_site_name":"B-Conex Latam","article_modified_time":"2025-05-20T16:45:18+00:00","og_image":[{"width":1201,"height":628,"url":"https:\/\/bconexlatam.com\/wp-content\/uploads\/2024\/11\/BCONEX_Diseno-web_Areas_2.webp","type":"image\/webp"}],"twitter_card":"summary_large_image","twitter_misc":{"Est. tempo de leitura":"3 minutos"},"schema":{"@context":"https:\/\/schema.org","@graph":[{"@type":"WebPage","@id":"https:\/\/bconexlatam.com\/areas-de-practica\/expansion-y-gobierno-corporativo\/","url":"https:\/\/bconexlatam.com\/areas-de-practica\/expansion-y-gobierno-corporativo\/","name":"Expansi\u00f3n y Gobierno Corporativo - B-Conex Latam","isPartOf":{"@id":"https:\/\/bconexlatam.com\/#website"},"primaryImageOfPage":{"@id":"https:\/\/bconexlatam.com\/areas-de-practica\/expansion-y-gobierno-corporativo\/#primaryimage"},"image":{"@id":"https:\/\/bconexlatam.com\/areas-de-practica\/expansion-y-gobierno-corporativo\/#primaryimage"},"thumbnailUrl":"https:\/\/bconexlatam.com\/wp-content\/uploads\/2024\/11\/BCONEX_Diseno-web_Areas_2.webp","datePublished":"2024-09-11T19:27:15+00:00","dateModified":"2025-05-20T16:45:18+00:00","description":"B-Conex Latam - Gesti\u00f3n legal integral para Am\u00e9rica Latina - Consulte sobre expansi\u00f3n y gobierno corporativo","breadcrumb":{"@id":"https:\/\/bconexlatam.com\/areas-de-practica\/expansion-y-gobierno-corporativo\/#breadcrumb"},"inLanguage":"pt-BR","potentialAction":[{"@type":"ReadAction","target":["https:\/\/bconexlatam.com\/areas-de-practica\/expansion-y-gobierno-corporativo\/"]}]},{"@type":"ImageObject","inLanguage":"pt-BR","@id":"https:\/\/bconexlatam.com\/areas-de-practica\/expansion-y-gobierno-corporativo\/#primaryimage","url":"https:\/\/bconexlatam.com\/wp-content\/uploads\/2024\/11\/BCONEX_Diseno-web_Areas_2.webp","contentUrl":"https:\/\/bconexlatam.com\/wp-content\/uploads\/2024\/11\/BCONEX_Diseno-web_Areas_2.webp","width":1201,"height":628},{"@type":"BreadcrumbList","@id":"https:\/\/bconexlatam.com\/areas-de-practica\/expansion-y-gobierno-corporativo\/#breadcrumb","itemListElement":[{"@type":"ListItem","position":1,"name":"Inicio","item":"https:\/\/bconexlatam.com\/"},{"@type":"ListItem","position":2,"name":"\u00c1reas de pr\u00e1ctica","item":"https:\/\/bconexlatam.com\/areas-de-practica\/"},{"@type":"ListItem","position":3,"name":"Expansi\u00f3n y Gobierno Corporativo"}]},{"@type":"WebSite","@id":"https:\/\/bconexlatam.com\/#website","url":"https:\/\/bconexlatam.com\/","name":"B-Conex Latam","description":"Gesti\u00f3n legal integral para Am\u00e9rica Latina","publisher":{"@id":"https:\/\/bconexlatam.com\/#organization"},"potentialAction":[{"@type":"SearchAction","target":{"@type":"EntryPoint","urlTemplate":"https:\/\/bconexlatam.com\/?s={search_term_string}"},"query-input":{"@type":"PropertyValueSpecification","valueRequired":true,"valueName":"search_term_string"}}],"inLanguage":"pt-BR"},{"@type":"Organization","@id":"https:\/\/bconexlatam.com\/#organization","name":"B-Conex Latam","url":"https:\/\/bconexlatam.com\/","logo":{"@type":"ImageObject","inLanguage":"pt-BR","@id":"https:\/\/bconexlatam.com\/#\/schema\/logo\/image\/","url":"https:\/\/bconexlatam.com\/wp-content\/uploads\/2025\/05\/logoBLANCObconex-01-1.svg","contentUrl":"https:\/\/bconexlatam.com\/wp-content\/uploads\/2025\/05\/logoBLANCObconex-01-1.svg","width":300,"height":102,"caption":"B-Conex Latam"},"image":{"@id":"https:\/\/bconexlatam.com\/#\/schema\/logo\/image\/"},"sameAs":["https:\/\/www.linkedin.com\/company\/b-conex\/"]}]}},"_links":{"self":[{"href":"https:\/\/bconexlatam.com\/pt\/wp-json\/wp\/v2\/pages\/182","targetHints":{"allow":["GET"]}}],"collection":[{"href":"https:\/\/bconexlatam.com\/pt\/wp-json\/wp\/v2\/pages"}],"about":[{"href":"https:\/\/bconexlatam.com\/pt\/wp-json\/wp\/v2\/types\/page"}],"author":[{"embeddable":true,"href":"https:\/\/bconexlatam.com\/pt\/wp-json\/wp\/v2\/users\/3"}],"replies":[{"embeddable":true,"href":"https:\/\/bconexlatam.com\/pt\/wp-json\/wp\/v2\/comments?post=182"}],"version-history":[{"count":23,"href":"https:\/\/bconexlatam.com\/pt\/wp-json\/wp\/v2\/pages\/182\/revisions"}],"predecessor-version":[{"id":1217,"href":"https:\/\/bconexlatam.com\/pt\/wp-json\/wp\/v2\/pages\/182\/revisions\/1217"}],"up":[{"embeddable":true,"href":"https:\/\/bconexlatam.com\/pt\/wp-json\/wp\/v2\/pages\/171"}],"wp:featuredmedia":[{"embeddable":true,"href":"https:\/\/bconexlatam.com\/pt\/wp-json\/wp\/v2\/media\/346"}],"wp:attachment":[{"href":"https:\/\/bconexlatam.com\/pt\/wp-json\/wp\/v2\/media?parent=182"}],"curies":[{"name":"wp","href":"https:\/\/api.w.org\/{rel}","templated":true}]}}