{"id":186,"date":"2024-09-11T16:24:22","date_gmt":"2024-09-11T16:24:22","guid":{"rendered":"https:\/\/bconexlatam.com\/?page_id=186"},"modified":"2025-05-20T13:45:42","modified_gmt":"2025-05-20T16:45:42","slug":"resolucion-de-conflictos","status":"publish","type":"page","link":"https:\/\/bconexlatam.com\/pt\/areas-de-practica\/resolucion-de-conflictos\/","title":{"rendered":"Resolu\u00e7\u00e3o de conflitos"},"content":{"rendered":"<div data-elementor-type=\"wp-page\" data-elementor-id=\"186\" class=\"elementor elementor-186\" data-elementor-post-type=\"page\">\n\t\t\t\t<div class=\"elementor-element elementor-element-2d71253 e-flex e-con-boxed e-con e-parent\" data-id=\"2d71253\" data-element_type=\"container\" data-e-type=\"container\" data-settings=\"{&quot;background_background&quot;:&quot;classic&quot;}\">\n\t\t\t\t\t<div class=\"e-con-inner\">\n\t\t<div class=\"elementor-element elementor-element-90370b5 e-con-full e-flex e-con e-child\" data-id=\"90370b5\" data-element_type=\"container\" data-e-type=\"container\">\n\t\t\t\t<div class=\"elementor-element elementor-element-e4cc6ab elementor-widget elementor-widget-heading\" data-id=\"e4cc6ab\" data-element_type=\"widget\" data-e-type=\"widget\" data-widget_type=\"heading.default\">\n\t\t\t\t<div class=\"elementor-widget-container\">\n\t\t\t\t\t<h1 class=\"elementor-heading-title elementor-size-default\">Resolu\u00e7\u00e3o de disputas internacionais<\/h1>\t\t\t\t<\/div>\n\t\t\t\t<\/div>\n\t\t\t\t<\/div>\n\t\t<div class=\"elementor-element elementor-element-7c54fc1 e-con-full e-flex e-con e-child\" data-id=\"7c54fc1\" data-element_type=\"container\" data-e-type=\"container\" data-settings=\"{&quot;background_background&quot;:&quot;classic&quot;}\">\n\t\t\t\t<div class=\"elementor-element elementor-element-f58c04d elementor-widget elementor-widget-text-editor\" data-id=\"f58c04d\" data-element_type=\"widget\" data-e-type=\"widget\" data-widget_type=\"text-editor.default\">\n\t\t\t\t<div class=\"elementor-widget-container\">\n\t\t\t\t\t\t\t\t\t<p>Nossa equipe desenvolve estrat\u00e9gias de resolu\u00e7\u00e3o de disputas \"sob medida\", adaptadas \u00e0s necessidades espec\u00edficas de cada cliente e caso individual.<\/p><p>Gra\u00e7as ao nosso conhecimento, experi\u00eancia e abordagem abrangente e coesa em todas as jurisdi\u00e7\u00f5es, somos capazes de lidar com os casos de forma eficiente.<\/p>\t\t\t\t\t\t\t\t<\/div>\n\t\t\t\t<\/div>\n\t\t\t\t<\/div>\n\t\t\t\t\t<\/div>\n\t\t\t\t<\/div>\n\t\t<div class=\"elementor-element elementor-element-17dad1e e-flex e-con-boxed e-con e-parent\" data-id=\"17dad1e\" data-element_type=\"container\" data-e-type=\"container\" data-settings=\"{&quot;background_background&quot;:&quot;classic&quot;}\">\n\t\t\t\t\t<div class=\"e-con-inner\">\n\t\t<div class=\"elementor-element elementor-element-c9c8957 e-con-full e-flex e-con e-child\" data-id=\"c9c8957\" data-element_type=\"container\" data-e-type=\"container\">\n\t\t\t\t<div class=\"elementor-element elementor-element-8e0928a elementor-widget elementor-widget-heading\" data-id=\"8e0928a\" data-element_type=\"widget\" data-e-type=\"widget\" data-widget_type=\"heading.default\">\n\t\t\t\t<div class=\"elementor-widget-container\">\n\t\t\t\t\t<h3 class=\"elementor-heading-title elementor-size-default\">1. negocia\u00e7\u00e3o, media\u00e7\u00e3o e concilia\u00e7\u00e3o<\/h3>\t\t\t\t<\/div>\n\t\t\t\t<\/div>\n\t\t\t\t<div class=\"elementor-element elementor-element-9a8593b elementor-widget elementor-widget-text-editor\" data-id=\"9a8593b\" data-element_type=\"widget\" data-e-type=\"widget\" data-widget_type=\"text-editor.default\">\n\t\t\t\t<div class=\"elementor-widget-container\">\n\t\t\t\t\t\t\t\t\t<p>- Facilita\u00e7\u00e3o de negocia\u00e7\u00f5es entre as partes conflitantes.<\/p><p>- Elabora\u00e7\u00e3o de estrat\u00e9gias adaptadas \u00e0s necessidades do cliente.<\/p><p>- Monitoramento e implementa\u00e7\u00e3o de acordos.<\/p>\t\t\t\t\t\t\t\t<\/div>\n\t\t\t\t<\/div>\n\t\t\t\t<\/div>\n\t\t<div class=\"elementor-element elementor-element-8811533 e-con-full e-flex e-con e-child\" data-id=\"8811533\" data-element_type=\"container\" data-e-type=\"container\">\n\t\t\t\t<div class=\"elementor-element elementor-element-5c81b69 elementor-widget elementor-widget-heading\" data-id=\"5c81b69\" data-element_type=\"widget\" data-e-type=\"widget\" data-widget_type=\"heading.default\">\n\t\t\t\t<div class=\"elementor-widget-container\">\n\t\t\t\t\t<h3 class=\"elementor-heading-title elementor-size-default\">2.  Lit\u00edgio transnacional<\/h3>\t\t\t\t<\/div>\n\t\t\t\t<\/div>\n\t\t\t\t<div class=\"elementor-element elementor-element-94feda8 elementor-widget elementor-widget-text-editor\" data-id=\"94feda8\" data-element_type=\"widget\" data-e-type=\"widget\" data-widget_type=\"text-editor.default\">\n\t\t\t\t<div class=\"elementor-widget-container\">\n\t\t\t\t\t\t\t\t\t<p>- Representa\u00e7\u00e3o em disputas envolvendo v\u00e1rias jurisdi\u00e7\u00f5es.<\/p><p>- Coordena\u00e7\u00e3o com advogados locais e especialistas em direito internacional.<\/p>\t\t\t\t\t\t\t\t<\/div>\n\t\t\t\t<\/div>\n\t\t\t\t<\/div>\n\t\t<div class=\"elementor-element elementor-element-ac41f8c e-con-full e-flex e-con e-child\" data-id=\"ac41f8c\" data-element_type=\"container\" data-e-type=\"container\">\n\t\t\t\t<div class=\"elementor-element elementor-element-f5a7ab9 elementor-widget elementor-widget-heading\" data-id=\"f5a7ab9\" data-element_type=\"widget\" data-e-type=\"widget\" data-widget_type=\"heading.default\">\n\t\t\t\t<div class=\"elementor-widget-container\">\n\t\t\t\t\t<h3 class=\"elementor-heading-title elementor-size-default\">3. Arbitragem internacional<\/h3>\t\t\t\t<\/div>\n\t\t\t\t<\/div>\n\t\t\t\t<div class=\"elementor-element elementor-element-1902488 elementor-widget elementor-widget-text-editor\" data-id=\"1902488\" data-element_type=\"widget\" data-e-type=\"widget\" data-widget_type=\"text-editor.default\">\n\t\t\t\t<div class=\"elementor-widget-container\">\n\t\t\t\t\t\t\t\t\t<p>- Representa\u00e7\u00e3o em arbitragem perante institui\u00e7\u00f5es como ICC, ICSID e LCIA.<\/p><p>- Elabora\u00e7\u00e3o e negocia\u00e7\u00e3o de cl\u00e1usulas de arbitragem.<\/p>\t\t\t\t\t\t\t\t<\/div>\n\t\t\t\t<\/div>\n\t\t\t\t<\/div>\n\t\t\t\t\t<\/div>\n\t\t\t\t<\/div>\n\t\t\t\t<\/div>","protected":false},"excerpt":{"rendered":"<p>Resoluci\u00f3n de disputas internacionales Nuestro equipo desarrolla estrategias de resoluci\u00f3n de disputas \u201ca medida\u201d, adaptadas a las necesidades espec\u00edficas de [&hellip;]<\/p>\n","protected":false},"author":3,"featured_media":1329,"parent":171,"menu_order":0,"comment_status":"closed","ping_status":"closed","template":"","meta":{"inline_featured_image":false,"site-sidebar-layout":"no-sidebar","site-content-layout":"","ast-site-content-layout":"full-width-container","site-content-style":"default","site-sidebar-style":"default","ast-global-header-display":"","ast-banner-title-visibility":"","ast-main-header-display":"","ast-hfb-above-header-display":"","ast-hfb-below-header-display":"","ast-hfb-mobile-header-display":"","site-post-title":"disabled","ast-breadcrumbs-content":"","ast-featured-img":"disabled","footer-sml-layout":"","ast-disable-related-posts":"","theme-transparent-header-meta":"","adv-header-id-meta":"","stick-header-meta":"","header-above-stick-meta":"","header-main-stick-meta":"","header-below-stick-meta":"","astra-migrate-meta-layouts":"default","ast-page-background-enabled":"default","ast-page-background-meta":{"desktop":{"background-color":"var(--ast-global-color-4)","background-image":"","background-repeat":"repeat","background-position":"center center","background-size":"auto","background-attachment":"scroll","background-type":"","background-media":"","overlay-type":"","overlay-color":"","overlay-opacity":"","overlay-gradient":""},"tablet":{"background-color":"","background-image":"","background-repeat":"repeat","background-position":"center center","background-size":"auto","background-attachment":"scroll","background-type":"","background-media":"","overlay-type":"","overlay-color":"","overlay-opacity":"","overlay-gradient":""},"mobile":{"background-color":"","background-image":"","background-repeat":"repeat","background-position":"center center","background-size":"auto","background-attachment":"scroll","background-type":"","background-media":"","overlay-type":"","overlay-color":"","overlay-opacity":"","overlay-gradient":""}},"ast-content-background-meta":{"desktop":{"background-color":"var(--ast-global-color-5)","background-image":"","background-repeat":"repeat","background-position":"center center","background-size":"auto","background-attachment":"scroll","background-type":"","background-media":"","overlay-type":"","overlay-color":"","overlay-opacity":"","overlay-gradient":""},"tablet":{"background-color":"var(--ast-global-color-5)","background-image":"","background-repeat":"repeat","background-position":"center center","background-size":"auto","background-attachment":"scroll","background-type":"","background-media":"","overlay-type":"","overlay-color":"","overlay-opacity":"","overlay-gradient":""},"mobile":{"background-color":"var(--ast-global-color-5)","background-image":"","background-repeat":"repeat","background-position":"center center","background-size":"auto","background-attachment":"scroll","background-type":"","background-media":"","overlay-type":"","overlay-color":"","overlay-opacity":"","overlay-gradient":""}},"footnotes":""},"class_list":["post-186","page","type-page","status-publish","has-post-thumbnail","hentry"],"yoast_head":"<!-- This site is optimized with the Yoast SEO plugin v27.5 - https:\/\/yoast.com\/product\/yoast-seo-wordpress\/ -->\n<title>Resoluci\u00f3n de Conflictos - B-Conex Latam<\/title>\n<meta name=\"description\" content=\"B-Conex Latam - Gesti\u00f3n legal integral para Am\u00e9rica Latina - Consulte sobre resoluci\u00f3n de conflictos\" \/>\n<meta name=\"robots\" content=\"index, follow, max-snippet:-1, max-image-preview:large, max-video-preview:-1\" \/>\n<link rel=\"canonical\" href=\"https:\/\/bconexlatam.com\/pt\/areas-de-practica\/resolucion-de-conflictos\/\" \/>\n<meta property=\"og:locale\" content=\"pt_BR\" \/>\n<meta property=\"og:type\" content=\"article\" \/>\n<meta property=\"og:title\" content=\"Resoluci\u00f3n de Conflictos - B-Conex Latam\" \/>\n<meta property=\"og:description\" content=\"B-Conex Latam - Gesti\u00f3n legal integral para Am\u00e9rica Latina - Consulte sobre resoluci\u00f3n de conflictos\" \/>\n<meta property=\"og:url\" content=\"https:\/\/bconexlatam.com\/pt\/areas-de-practica\/resolucion-de-conflictos\/\" \/>\n<meta property=\"og:site_name\" content=\"B-Conex Latam\" \/>\n<meta property=\"article:modified_time\" content=\"2025-05-20T16:45:42+00:00\" \/>\n<meta property=\"og:image\" content=\"https:\/\/bconexlatam.com\/wp-content\/uploads\/2025\/05\/BCONEX_Imagen-destacada-1.webp\" \/>\n\t<meta property=\"og:image:width\" content=\"1200\" \/>\n\t<meta property=\"og:image:height\" content=\"675\" \/>\n\t<meta property=\"og:image:type\" content=\"image\/webp\" \/>\n<meta name=\"twitter:card\" content=\"summary_large_image\" \/>\n<meta name=\"twitter:label1\" content=\"Est. tempo de leitura\" \/>\n\t<meta name=\"twitter:data1\" content=\"1 minuto\" \/>\n<script type=\"application\/ld+json\" class=\"yoast-schema-graph\">{\"@context\":\"https:\\\/\\\/schema.org\",\"@graph\":[{\"@type\":\"WebPage\",\"@id\":\"https:\\\/\\\/bconexlatam.com\\\/areas-de-practica\\\/resolucion-de-conflictos\\\/\",\"url\":\"https:\\\/\\\/bconexlatam.com\\\/areas-de-practica\\\/resolucion-de-conflictos\\\/\",\"name\":\"Resoluci\u00f3n de Conflictos - B-Conex Latam\",\"isPartOf\":{\"@id\":\"https:\\\/\\\/bconexlatam.com\\\/#website\"},\"primaryImageOfPage\":{\"@id\":\"https:\\\/\\\/bconexlatam.com\\\/areas-de-practica\\\/resolucion-de-conflictos\\\/#primaryimage\"},\"image\":{\"@id\":\"https:\\\/\\\/bconexlatam.com\\\/areas-de-practica\\\/resolucion-de-conflictos\\\/#primaryimage\"},\"thumbnailUrl\":\"https:\\\/\\\/bconexlatam.com\\\/wp-content\\\/uploads\\\/2025\\\/05\\\/BCONEX_Imagen-destacada-1.webp\",\"datePublished\":\"2024-09-11T16:24:22+00:00\",\"dateModified\":\"2025-05-20T16:45:42+00:00\",\"description\":\"B-Conex Latam - Gesti\u00f3n legal integral para Am\u00e9rica Latina - Consulte sobre resoluci\u00f3n de conflictos\",\"breadcrumb\":{\"@id\":\"https:\\\/\\\/bconexlatam.com\\\/areas-de-practica\\\/resolucion-de-conflictos\\\/#breadcrumb\"},\"inLanguage\":\"pt-BR\",\"potentialAction\":[{\"@type\":\"ReadAction\",\"target\":[\"https:\\\/\\\/bconexlatam.com\\\/areas-de-practica\\\/resolucion-de-conflictos\\\/\"]}]},{\"@type\":\"ImageObject\",\"inLanguage\":\"pt-BR\",\"@id\":\"https:\\\/\\\/bconexlatam.com\\\/areas-de-practica\\\/resolucion-de-conflictos\\\/#primaryimage\",\"url\":\"https:\\\/\\\/bconexlatam.com\\\/wp-content\\\/uploads\\\/2025\\\/05\\\/BCONEX_Imagen-destacada-1.webp\",\"contentUrl\":\"https:\\\/\\\/bconexlatam.com\\\/wp-content\\\/uploads\\\/2025\\\/05\\\/BCONEX_Imagen-destacada-1.webp\",\"width\":1200,\"height\":675},{\"@type\":\"BreadcrumbList\",\"@id\":\"https:\\\/\\\/bconexlatam.com\\\/areas-de-practica\\\/resolucion-de-conflictos\\\/#breadcrumb\",\"itemListElement\":[{\"@type\":\"ListItem\",\"position\":1,\"name\":\"Inicio\",\"item\":\"https:\\\/\\\/bconexlatam.com\\\/\"},{\"@type\":\"ListItem\",\"position\":2,\"name\":\"\u00c1reas de pr\u00e1ctica\",\"item\":\"https:\\\/\\\/bconexlatam.com\\\/areas-de-practica\\\/\"},{\"@type\":\"ListItem\",\"position\":3,\"name\":\"Resoluci\u00f3n de Conflictos\"}]},{\"@type\":\"WebSite\",\"@id\":\"https:\\\/\\\/bconexlatam.com\\\/#website\",\"url\":\"https:\\\/\\\/bconexlatam.com\\\/\",\"name\":\"B-Conex Latam\",\"description\":\"Gesti\u00f3n legal integral para Am\u00e9rica Latina\",\"publisher\":{\"@id\":\"https:\\\/\\\/bconexlatam.com\\\/#organization\"},\"potentialAction\":[{\"@type\":\"SearchAction\",\"target\":{\"@type\":\"EntryPoint\",\"urlTemplate\":\"https:\\\/\\\/bconexlatam.com\\\/?s={search_term_string}\"},\"query-input\":{\"@type\":\"PropertyValueSpecification\",\"valueRequired\":true,\"valueName\":\"search_term_string\"}}],\"inLanguage\":\"pt-BR\"},{\"@type\":\"Organization\",\"@id\":\"https:\\\/\\\/bconexlatam.com\\\/#organization\",\"name\":\"B-Conex Latam\",\"url\":\"https:\\\/\\\/bconexlatam.com\\\/\",\"logo\":{\"@type\":\"ImageObject\",\"inLanguage\":\"pt-BR\",\"@id\":\"https:\\\/\\\/bconexlatam.com\\\/#\\\/schema\\\/logo\\\/image\\\/\",\"url\":\"https:\\\/\\\/bconexlatam.com\\\/wp-content\\\/uploads\\\/2025\\\/05\\\/logoBLANCObconex-01-1.svg\",\"contentUrl\":\"https:\\\/\\\/bconexlatam.com\\\/wp-content\\\/uploads\\\/2025\\\/05\\\/logoBLANCObconex-01-1.svg\",\"width\":300,\"height\":102,\"caption\":\"B-Conex Latam\"},\"image\":{\"@id\":\"https:\\\/\\\/bconexlatam.com\\\/#\\\/schema\\\/logo\\\/image\\\/\"},\"sameAs\":[\"https:\\\/\\\/www.linkedin.com\\\/company\\\/b-conex\\\/\"]}]}<\/script>\n<!-- \/ Yoast SEO plugin. -->","yoast_head_json":{"title":"Resoluci\u00f3n de Conflictos - B-Conex Latam","description":"B-Conex Latam - Gesti\u00f3n legal integral para Am\u00e9rica Latina - Consulte sobre resoluci\u00f3n de conflictos","robots":{"index":"index","follow":"follow","max-snippet":"max-snippet:-1","max-image-preview":"max-image-preview:large","max-video-preview":"max-video-preview:-1"},"canonical":"https:\/\/bconexlatam.com\/pt\/areas-de-practica\/resolucion-de-conflictos\/","og_locale":"pt_BR","og_type":"article","og_title":"Resoluci\u00f3n de Conflictos - B-Conex Latam","og_description":"B-Conex Latam - Gesti\u00f3n legal integral para Am\u00e9rica Latina - Consulte sobre resoluci\u00f3n de conflictos","og_url":"https:\/\/bconexlatam.com\/pt\/areas-de-practica\/resolucion-de-conflictos\/","og_site_name":"B-Conex Latam","article_modified_time":"2025-05-20T16:45:42+00:00","og_image":[{"width":1200,"height":675,"url":"https:\/\/bconexlatam.com\/wp-content\/uploads\/2025\/05\/BCONEX_Imagen-destacada-1.webp","type":"image\/webp"}],"twitter_card":"summary_large_image","twitter_misc":{"Est. tempo de leitura":"1 minuto"},"schema":{"@context":"https:\/\/schema.org","@graph":[{"@type":"WebPage","@id":"https:\/\/bconexlatam.com\/areas-de-practica\/resolucion-de-conflictos\/","url":"https:\/\/bconexlatam.com\/areas-de-practica\/resolucion-de-conflictos\/","name":"Resoluci\u00f3n de Conflictos - B-Conex Latam","isPartOf":{"@id":"https:\/\/bconexlatam.com\/#website"},"primaryImageOfPage":{"@id":"https:\/\/bconexlatam.com\/areas-de-practica\/resolucion-de-conflictos\/#primaryimage"},"image":{"@id":"https:\/\/bconexlatam.com\/areas-de-practica\/resolucion-de-conflictos\/#primaryimage"},"thumbnailUrl":"https:\/\/bconexlatam.com\/wp-content\/uploads\/2025\/05\/BCONEX_Imagen-destacada-1.webp","datePublished":"2024-09-11T16:24:22+00:00","dateModified":"2025-05-20T16:45:42+00:00","description":"B-Conex Latam - Gesti\u00f3n legal integral para Am\u00e9rica Latina - Consulte sobre resoluci\u00f3n de conflictos","breadcrumb":{"@id":"https:\/\/bconexlatam.com\/areas-de-practica\/resolucion-de-conflictos\/#breadcrumb"},"inLanguage":"pt-BR","potentialAction":[{"@type":"ReadAction","target":["https:\/\/bconexlatam.com\/areas-de-practica\/resolucion-de-conflictos\/"]}]},{"@type":"ImageObject","inLanguage":"pt-BR","@id":"https:\/\/bconexlatam.com\/areas-de-practica\/resolucion-de-conflictos\/#primaryimage","url":"https:\/\/bconexlatam.com\/wp-content\/uploads\/2025\/05\/BCONEX_Imagen-destacada-1.webp","contentUrl":"https:\/\/bconexlatam.com\/wp-content\/uploads\/2025\/05\/BCONEX_Imagen-destacada-1.webp","width":1200,"height":675},{"@type":"BreadcrumbList","@id":"https:\/\/bconexlatam.com\/areas-de-practica\/resolucion-de-conflictos\/#breadcrumb","itemListElement":[{"@type":"ListItem","position":1,"name":"Inicio","item":"https:\/\/bconexlatam.com\/"},{"@type":"ListItem","position":2,"name":"\u00c1reas de pr\u00e1ctica","item":"https:\/\/bconexlatam.com\/areas-de-practica\/"},{"@type":"ListItem","position":3,"name":"Resoluci\u00f3n de Conflictos"}]},{"@type":"WebSite","@id":"https:\/\/bconexlatam.com\/#website","url":"https:\/\/bconexlatam.com\/","name":"B-Conex Latam","description":"Gesti\u00f3n legal integral para Am\u00e9rica Latina","publisher":{"@id":"https:\/\/bconexlatam.com\/#organization"},"potentialAction":[{"@type":"SearchAction","target":{"@type":"EntryPoint","urlTemplate":"https:\/\/bconexlatam.com\/?s={search_term_string}"},"query-input":{"@type":"PropertyValueSpecification","valueRequired":true,"valueName":"search_term_string"}}],"inLanguage":"pt-BR"},{"@type":"Organization","@id":"https:\/\/bconexlatam.com\/#organization","name":"B-Conex Latam","url":"https:\/\/bconexlatam.com\/","logo":{"@type":"ImageObject","inLanguage":"pt-BR","@id":"https:\/\/bconexlatam.com\/#\/schema\/logo\/image\/","url":"https:\/\/bconexlatam.com\/wp-content\/uploads\/2025\/05\/logoBLANCObconex-01-1.svg","contentUrl":"https:\/\/bconexlatam.com\/wp-content\/uploads\/2025\/05\/logoBLANCObconex-01-1.svg","width":300,"height":102,"caption":"B-Conex Latam"},"image":{"@id":"https:\/\/bconexlatam.com\/#\/schema\/logo\/image\/"},"sameAs":["https:\/\/www.linkedin.com\/company\/b-conex\/"]}]}},"_links":{"self":[{"href":"https:\/\/bconexlatam.com\/pt\/wp-json\/wp\/v2\/pages\/186","targetHints":{"allow":["GET"]}}],"collection":[{"href":"https:\/\/bconexlatam.com\/pt\/wp-json\/wp\/v2\/pages"}],"about":[{"href":"https:\/\/bconexlatam.com\/pt\/wp-json\/wp\/v2\/types\/page"}],"author":[{"embeddable":true,"href":"https:\/\/bconexlatam.com\/pt\/wp-json\/wp\/v2\/users\/3"}],"replies":[{"embeddable":true,"href":"https:\/\/bconexlatam.com\/pt\/wp-json\/wp\/v2\/comments?post=186"}],"version-history":[{"count":11,"href":"https:\/\/bconexlatam.com\/pt\/wp-json\/wp\/v2\/pages\/186\/revisions"}],"predecessor-version":[{"id":1224,"href":"https:\/\/bconexlatam.com\/pt\/wp-json\/wp\/v2\/pages\/186\/revisions\/1224"}],"up":[{"embeddable":true,"href":"https:\/\/bconexlatam.com\/pt\/wp-json\/wp\/v2\/pages\/171"}],"wp:featuredmedia":[{"embeddable":true,"href":"https:\/\/bconexlatam.com\/pt\/wp-json\/wp\/v2\/media\/1329"}],"wp:attachment":[{"href":"https:\/\/bconexlatam.com\/pt\/wp-json\/wp\/v2\/media?parent=186"}],"curies":[{"name":"wp","href":"https:\/\/api.w.org\/{rel}","templated":true}]}}