{"id":194,"date":"2024-09-11T16:26:07","date_gmt":"2024-09-11T16:26:07","guid":{"rendered":"https:\/\/bconexlatam.com\/?page_id=194"},"modified":"2025-05-20T13:45:30","modified_gmt":"2025-05-20T16:45:30","slug":"planificacion-patrimonial-y-sucesoria","status":"publish","type":"page","link":"https:\/\/bconexlatam.com\/pt\/areas-de-practica\/planificacion-patrimonial-y-sucesoria\/","title":{"rendered":"Planejamento patrimonial e sucess\u00f3rio"},"content":{"rendered":"<div data-elementor-type=\"wp-page\" data-elementor-id=\"194\" class=\"elementor elementor-194\" data-elementor-post-type=\"page\">\n\t\t\t\t<div class=\"elementor-element elementor-element-a3db87b e-flex e-con-boxed e-con e-parent\" data-id=\"a3db87b\" data-element_type=\"container\" data-e-type=\"container\" data-settings=\"{&quot;background_background&quot;:&quot;classic&quot;}\">\n\t\t\t\t\t<div class=\"e-con-inner\">\n\t\t<div class=\"elementor-element elementor-element-531bee5 e-con-full e-flex e-con e-child\" data-id=\"531bee5\" data-element_type=\"container\" data-e-type=\"container\">\n\t\t\t\t<div class=\"elementor-element elementor-element-7c7b711 elementor-widget elementor-widget-heading\" data-id=\"7c7b711\" data-element_type=\"widget\" data-e-type=\"widget\" data-widget_type=\"heading.default\">\n\t\t\t\t<div class=\"elementor-widget-container\">\n\t\t\t\t\t<h1 class=\"elementor-heading-title elementor-size-default\">Direito de fam\u00edlia<\/h1>\t\t\t\t<\/div>\n\t\t\t\t<\/div>\n\t\t\t\t<\/div>\n\t\t<div class=\"elementor-element elementor-element-170a267 e-con-full e-flex e-con e-child\" data-id=\"170a267\" data-element_type=\"container\" data-e-type=\"container\" data-settings=\"{&quot;background_background&quot;:&quot;classic&quot;}\">\n\t\t\t\t<div class=\"elementor-element elementor-element-f0041d3 elementor-widget elementor-widget-text-editor\" data-id=\"f0041d3\" data-element_type=\"widget\" data-e-type=\"widget\" data-widget_type=\"text-editor.default\">\n\t\t\t\t<div class=\"elementor-widget-container\">\n\t\t\t\t\t\t\t\t\t<p>Oferecemos uma solu\u00e7\u00e3o abrangente para planejamento patrimonial e gest\u00e3o de sucess\u00e3o em v\u00e1rias jurisdi\u00e7\u00f5es. Nossa abordagem foi projetada para lidar com as complexidades da heran\u00e7a internacional, considerando a estrutura do seu patrim\u00f4nio e as regulamenta\u00e7\u00f5es em vigor em cada jurisdi\u00e7\u00e3o.<\/p>\t\t\t\t\t\t\t\t<\/div>\n\t\t\t\t<\/div>\n\t\t\t\t<\/div>\n\t\t\t\t\t<\/div>\n\t\t\t\t<\/div>\n\t\t<div class=\"elementor-element elementor-element-a880796 e-flex e-con-boxed e-con e-parent\" data-id=\"a880796\" data-element_type=\"container\" data-e-type=\"container\" data-settings=\"{&quot;background_background&quot;:&quot;classic&quot;}\">\n\t\t\t\t\t<div class=\"e-con-inner\">\n\t\t<div class=\"elementor-element elementor-element-f92e6a1 e-con-full e-flex e-con e-child\" data-id=\"f92e6a1\" data-element_type=\"container\" data-e-type=\"container\">\n\t\t\t\t<div class=\"elementor-element elementor-element-f8fe2d5 elementor-widget elementor-widget-heading\" data-id=\"f8fe2d5\" data-element_type=\"widget\" data-e-type=\"widget\" data-widget_type=\"heading.default\">\n\t\t\t\t<div class=\"elementor-widget-container\">\n\t\t\t\t\t<h3 class=\"elementor-heading-title elementor-size-default\">1. planejamento de sucess\u00e3o internacional<\/h3>\t\t\t\t<\/div>\n\t\t\t\t<\/div>\n\t\t\t\t<div class=\"elementor-element elementor-element-03c5040 elementor-widget elementor-widget-text-editor\" data-id=\"03c5040\" data-element_type=\"widget\" data-e-type=\"widget\" data-widget_type=\"text-editor.default\">\n\t\t\t\t<div class=\"elementor-widget-container\">\n\t\t\t\t\t\t\t\t\t<p>- Assessoria em estrat\u00e9gias de planejamento patrimonial, ajudando a estruturar ativos e propriedades de forma eficiente.<\/p><p>- Estruturas de testamentos e fideicomissos que atendem \u00e0s leis de v\u00e1rias jurisdi\u00e7\u00f5es, garantindo que as disposi\u00e7\u00f5es sejam v\u00e1lidas e aplic\u00e1veis em diferentes pa\u00edses.<\/p><p>- Desenvolvemos estrat\u00e9gias para proteger os ativos contra poss\u00edveis riscos, garantindo a conformidade com as leis locais e internacionais aplic\u00e1veis.<\/p>\t\t\t\t\t\t\t\t<\/div>\n\t\t\t\t<\/div>\n\t\t\t\t<\/div>\n\t\t<div class=\"elementor-element elementor-element-0f7a13e e-con-full e-flex e-con e-child\" data-id=\"0f7a13e\" data-element_type=\"container\" data-e-type=\"container\">\n\t\t\t\t<div class=\"elementor-element elementor-element-a84c7b4 elementor-widget elementor-widget-heading\" data-id=\"a84c7b4\" data-element_type=\"widget\" data-e-type=\"widget\" data-widget_type=\"heading.default\">\n\t\t\t\t<div class=\"elementor-widget-container\">\n\t\t\t\t\t<h3 class=\"elementor-heading-title elementor-size-default\">Sucess\u00f5es transnacionais.<\/h3>\t\t\t\t<\/div>\n\t\t\t\t<\/div>\n\t\t\t\t<div class=\"elementor-element elementor-element-7be15db elementor-widget elementor-widget-text-editor\" data-id=\"7be15db\" data-element_type=\"widget\" data-e-type=\"widget\" data-widget_type=\"text-editor.default\">\n\t\t\t\t<div class=\"elementor-widget-container\">\n\t\t\t\t\t\t\t\t\t<p>- Coordenamos a administra\u00e7\u00e3o e a distribui\u00e7\u00e3o de ativos em diferentes pa\u00edses, lidando com os desafios legais e tribut\u00e1rios associados.<\/p><p>- Resolu\u00e7\u00e3o de disputas: Oferecemos representa\u00e7\u00e3o e consultoria na resolu\u00e7\u00e3o de disputas envolvendo ativos\/assuntos em v\u00e1rias jurisdi\u00e7\u00f5es.<\/p><p>- Asseguramos a conformidade com as regulamenta\u00e7\u00f5es internacionais e locais para a transfer\u00eancia de ativos, ajudando a evitar disputas legais e a facilitar a administra\u00e7\u00e3o eficiente do patrim\u00f4nio.<\/p>\t\t\t\t\t\t\t\t<\/div>\n\t\t\t\t<\/div>\n\t\t\t\t<\/div>\n\t\t<div class=\"elementor-element elementor-element-bea866d e-con-full e-flex e-con e-child\" data-id=\"bea866d\" data-element_type=\"container\" data-e-type=\"container\">\n\t\t\t\t<div class=\"elementor-element elementor-element-ed1a605 elementor-widget elementor-widget-heading\" data-id=\"ed1a605\" data-element_type=\"widget\" data-e-type=\"widget\" data-widget_type=\"heading.default\">\n\t\t\t\t<div class=\"elementor-widget-container\">\n\t\t\t\t\t<h3 class=\"elementor-heading-title elementor-size-default\">3. Assessoria no planejamento de heran\u00e7a internacional.<\/h3>\t\t\t\t<\/div>\n\t\t\t\t<\/div>\n\t\t\t\t<\/div>\n\t\t\t\t\t<\/div>\n\t\t\t\t<\/div>\n\t\t\t\t<\/div>","protected":false},"excerpt":{"rendered":"<p>Derecho de familia Ofrecemos una soluci\u00f3n integral para la planificaci\u00f3n sucesoria y la gesti\u00f3n de sucesiones que abarcan m\u00faltiples jurisdicciones. [&hellip;]<\/p>\n","protected":false},"author":3,"featured_media":348,"parent":171,"menu_order":0,"comment_status":"closed","ping_status":"closed","template":"","meta":{"inline_featured_image":false,"site-sidebar-layout":"no-sidebar","site-content-layout":"","ast-site-content-layout":"full-width-container","site-content-style":"default","site-sidebar-style":"default","ast-global-header-display":"","ast-banner-title-visibility":"","ast-main-header-display":"","ast-hfb-above-header-display":"","ast-hfb-below-header-display":"","ast-hfb-mobile-header-display":"","site-post-title":"disabled","ast-breadcrumbs-content":"","ast-featured-img":"disabled","footer-sml-layout":"","ast-disable-related-posts":"","theme-transparent-header-meta":"","adv-header-id-meta":"","stick-header-meta":"","header-above-stick-meta":"","header-main-stick-meta":"","header-below-stick-meta":"","astra-migrate-meta-layouts":"default","ast-page-background-enabled":"default","ast-page-background-meta":{"desktop":{"background-color":"var(--ast-global-color-4)","background-image":"","background-repeat":"repeat","background-position":"center center","background-size":"auto","background-attachment":"scroll","background-type":"","background-media":"","overlay-type":"","overlay-color":"","overlay-opacity":"","overlay-gradient":""},"tablet":{"background-color":"","background-image":"","background-repeat":"repeat","background-position":"center center","background-size":"auto","background-attachment":"scroll","background-type":"","background-media":"","overlay-type":"","overlay-color":"","overlay-opacity":"","overlay-gradient":""},"mobile":{"background-color":"","background-image":"","background-repeat":"repeat","background-position":"center center","background-size":"auto","background-attachment":"scroll","background-type":"","background-media":"","overlay-type":"","overlay-color":"","overlay-opacity":"","overlay-gradient":""}},"ast-content-background-meta":{"desktop":{"background-color":"var(--ast-global-color-5)","background-image":"","background-repeat":"repeat","background-position":"center center","background-size":"auto","background-attachment":"scroll","background-type":"","background-media":"","overlay-type":"","overlay-color":"","overlay-opacity":"","overlay-gradient":""},"tablet":{"background-color":"var(--ast-global-color-5)","background-image":"","background-repeat":"repeat","background-position":"center center","background-size":"auto","background-attachment":"scroll","background-type":"","background-media":"","overlay-type":"","overlay-color":"","overlay-opacity":"","overlay-gradient":""},"mobile":{"background-color":"var(--ast-global-color-5)","background-image":"","background-repeat":"repeat","background-position":"center center","background-size":"auto","background-attachment":"scroll","background-type":"","background-media":"","overlay-type":"","overlay-color":"","overlay-opacity":"","overlay-gradient":""}},"footnotes":""},"class_list":["post-194","page","type-page","status-publish","has-post-thumbnail","hentry"],"yoast_head":"<!-- This site is optimized with the Yoast SEO plugin v27.5 - https:\/\/yoast.com\/product\/yoast-seo-wordpress\/ -->\n<title>Planificaci\u00f3n Patrimonial y Sucesoria - B-Conex Latam<\/title>\n<meta name=\"description\" content=\"B-Conex Latam - Gesti\u00f3n legal integral para Am\u00e9rica Latina - Consulte sobre planificaci\u00f3n patrimonial y sucesoria\" \/>\n<meta name=\"robots\" content=\"index, follow, max-snippet:-1, max-image-preview:large, max-video-preview:-1\" \/>\n<link rel=\"canonical\" href=\"https:\/\/bconexlatam.com\/pt\/areas-de-practica\/planificacion-patrimonial-y-sucesoria\/\" \/>\n<meta property=\"og:locale\" content=\"pt_BR\" \/>\n<meta property=\"og:type\" content=\"article\" \/>\n<meta property=\"og:title\" content=\"Planificaci\u00f3n Patrimonial y Sucesoria - B-Conex Latam\" \/>\n<meta property=\"og:description\" content=\"B-Conex Latam - Gesti\u00f3n legal integral para Am\u00e9rica Latina - Consulte sobre planificaci\u00f3n patrimonial y sucesoria\" \/>\n<meta property=\"og:url\" content=\"https:\/\/bconexlatam.com\/pt\/areas-de-practica\/planificacion-patrimonial-y-sucesoria\/\" \/>\n<meta property=\"og:site_name\" content=\"B-Conex Latam\" \/>\n<meta property=\"article:modified_time\" content=\"2025-05-20T16:45:30+00:00\" \/>\n<meta property=\"og:image\" content=\"https:\/\/bconexlatam.com\/wp-content\/uploads\/2024\/11\/BCONEX_Diseno-web_Areas_4.webp\" \/>\n\t<meta property=\"og:image:width\" content=\"1201\" \/>\n\t<meta property=\"og:image:height\" content=\"628\" \/>\n\t<meta property=\"og:image:type\" content=\"image\/webp\" \/>\n<meta name=\"twitter:card\" content=\"summary_large_image\" \/>\n<meta name=\"twitter:label1\" content=\"Est. tempo de leitura\" \/>\n\t<meta name=\"twitter:data1\" content=\"2 minutos\" \/>\n<script type=\"application\/ld+json\" class=\"yoast-schema-graph\">{\"@context\":\"https:\\\/\\\/schema.org\",\"@graph\":[{\"@type\":\"WebPage\",\"@id\":\"https:\\\/\\\/bconexlatam.com\\\/areas-de-practica\\\/planificacion-patrimonial-y-sucesoria\\\/\",\"url\":\"https:\\\/\\\/bconexlatam.com\\\/areas-de-practica\\\/planificacion-patrimonial-y-sucesoria\\\/\",\"name\":\"Planificaci\u00f3n Patrimonial y Sucesoria - B-Conex Latam\",\"isPartOf\":{\"@id\":\"https:\\\/\\\/bconexlatam.com\\\/#website\"},\"primaryImageOfPage\":{\"@id\":\"https:\\\/\\\/bconexlatam.com\\\/areas-de-practica\\\/planificacion-patrimonial-y-sucesoria\\\/#primaryimage\"},\"image\":{\"@id\":\"https:\\\/\\\/bconexlatam.com\\\/areas-de-practica\\\/planificacion-patrimonial-y-sucesoria\\\/#primaryimage\"},\"thumbnailUrl\":\"https:\\\/\\\/bconexlatam.com\\\/wp-content\\\/uploads\\\/2024\\\/11\\\/BCONEX_Diseno-web_Areas_4.webp\",\"datePublished\":\"2024-09-11T16:26:07+00:00\",\"dateModified\":\"2025-05-20T16:45:30+00:00\",\"description\":\"B-Conex Latam - Gesti\u00f3n legal integral para Am\u00e9rica Latina - Consulte sobre planificaci\u00f3n patrimonial y sucesoria\",\"breadcrumb\":{\"@id\":\"https:\\\/\\\/bconexlatam.com\\\/areas-de-practica\\\/planificacion-patrimonial-y-sucesoria\\\/#breadcrumb\"},\"inLanguage\":\"pt-BR\",\"potentialAction\":[{\"@type\":\"ReadAction\",\"target\":[\"https:\\\/\\\/bconexlatam.com\\\/areas-de-practica\\\/planificacion-patrimonial-y-sucesoria\\\/\"]}]},{\"@type\":\"ImageObject\",\"inLanguage\":\"pt-BR\",\"@id\":\"https:\\\/\\\/bconexlatam.com\\\/areas-de-practica\\\/planificacion-patrimonial-y-sucesoria\\\/#primaryimage\",\"url\":\"https:\\\/\\\/bconexlatam.com\\\/wp-content\\\/uploads\\\/2024\\\/11\\\/BCONEX_Diseno-web_Areas_4.webp\",\"contentUrl\":\"https:\\\/\\\/bconexlatam.com\\\/wp-content\\\/uploads\\\/2024\\\/11\\\/BCONEX_Diseno-web_Areas_4.webp\",\"width\":1201,\"height\":628},{\"@type\":\"BreadcrumbList\",\"@id\":\"https:\\\/\\\/bconexlatam.com\\\/areas-de-practica\\\/planificacion-patrimonial-y-sucesoria\\\/#breadcrumb\",\"itemListElement\":[{\"@type\":\"ListItem\",\"position\":1,\"name\":\"Inicio\",\"item\":\"https:\\\/\\\/bconexlatam.com\\\/\"},{\"@type\":\"ListItem\",\"position\":2,\"name\":\"\u00c1reas de pr\u00e1ctica\",\"item\":\"https:\\\/\\\/bconexlatam.com\\\/areas-de-practica\\\/\"},{\"@type\":\"ListItem\",\"position\":3,\"name\":\"Planificaci\u00f3n Patrimonial y Sucesoria\"}]},{\"@type\":\"WebSite\",\"@id\":\"https:\\\/\\\/bconexlatam.com\\\/#website\",\"url\":\"https:\\\/\\\/bconexlatam.com\\\/\",\"name\":\"B-Conex Latam\",\"description\":\"Gesti\u00f3n legal integral para Am\u00e9rica Latina\",\"publisher\":{\"@id\":\"https:\\\/\\\/bconexlatam.com\\\/#organization\"},\"potentialAction\":[{\"@type\":\"SearchAction\",\"target\":{\"@type\":\"EntryPoint\",\"urlTemplate\":\"https:\\\/\\\/bconexlatam.com\\\/?s={search_term_string}\"},\"query-input\":{\"@type\":\"PropertyValueSpecification\",\"valueRequired\":true,\"valueName\":\"search_term_string\"}}],\"inLanguage\":\"pt-BR\"},{\"@type\":\"Organization\",\"@id\":\"https:\\\/\\\/bconexlatam.com\\\/#organization\",\"name\":\"B-Conex Latam\",\"url\":\"https:\\\/\\\/bconexlatam.com\\\/\",\"logo\":{\"@type\":\"ImageObject\",\"inLanguage\":\"pt-BR\",\"@id\":\"https:\\\/\\\/bconexlatam.com\\\/#\\\/schema\\\/logo\\\/image\\\/\",\"url\":\"https:\\\/\\\/bconexlatam.com\\\/wp-content\\\/uploads\\\/2025\\\/05\\\/logoBLANCObconex-01-1.svg\",\"contentUrl\":\"https:\\\/\\\/bconexlatam.com\\\/wp-content\\\/uploads\\\/2025\\\/05\\\/logoBLANCObconex-01-1.svg\",\"width\":300,\"height\":102,\"caption\":\"B-Conex Latam\"},\"image\":{\"@id\":\"https:\\\/\\\/bconexlatam.com\\\/#\\\/schema\\\/logo\\\/image\\\/\"},\"sameAs\":[\"https:\\\/\\\/www.linkedin.com\\\/company\\\/b-conex\\\/\"]}]}<\/script>\n<!-- \/ Yoast SEO plugin. -->","yoast_head_json":{"title":"Planificaci\u00f3n Patrimonial y Sucesoria - B-Conex Latam","description":"B-Conex Latam - Gesti\u00f3n legal integral para Am\u00e9rica Latina - Consulte sobre planificaci\u00f3n patrimonial y sucesoria","robots":{"index":"index","follow":"follow","max-snippet":"max-snippet:-1","max-image-preview":"max-image-preview:large","max-video-preview":"max-video-preview:-1"},"canonical":"https:\/\/bconexlatam.com\/pt\/areas-de-practica\/planificacion-patrimonial-y-sucesoria\/","og_locale":"pt_BR","og_type":"article","og_title":"Planificaci\u00f3n Patrimonial y Sucesoria - B-Conex Latam","og_description":"B-Conex Latam - Gesti\u00f3n legal integral para Am\u00e9rica Latina - Consulte sobre planificaci\u00f3n patrimonial y sucesoria","og_url":"https:\/\/bconexlatam.com\/pt\/areas-de-practica\/planificacion-patrimonial-y-sucesoria\/","og_site_name":"B-Conex Latam","article_modified_time":"2025-05-20T16:45:30+00:00","og_image":[{"width":1201,"height":628,"url":"https:\/\/bconexlatam.com\/wp-content\/uploads\/2024\/11\/BCONEX_Diseno-web_Areas_4.webp","type":"image\/webp"}],"twitter_card":"summary_large_image","twitter_misc":{"Est. tempo de leitura":"2 minutos"},"schema":{"@context":"https:\/\/schema.org","@graph":[{"@type":"WebPage","@id":"https:\/\/bconexlatam.com\/areas-de-practica\/planificacion-patrimonial-y-sucesoria\/","url":"https:\/\/bconexlatam.com\/areas-de-practica\/planificacion-patrimonial-y-sucesoria\/","name":"Planificaci\u00f3n Patrimonial y Sucesoria - B-Conex Latam","isPartOf":{"@id":"https:\/\/bconexlatam.com\/#website"},"primaryImageOfPage":{"@id":"https:\/\/bconexlatam.com\/areas-de-practica\/planificacion-patrimonial-y-sucesoria\/#primaryimage"},"image":{"@id":"https:\/\/bconexlatam.com\/areas-de-practica\/planificacion-patrimonial-y-sucesoria\/#primaryimage"},"thumbnailUrl":"https:\/\/bconexlatam.com\/wp-content\/uploads\/2024\/11\/BCONEX_Diseno-web_Areas_4.webp","datePublished":"2024-09-11T16:26:07+00:00","dateModified":"2025-05-20T16:45:30+00:00","description":"B-Conex Latam - Gesti\u00f3n legal integral para Am\u00e9rica Latina - Consulte sobre planificaci\u00f3n patrimonial y sucesoria","breadcrumb":{"@id":"https:\/\/bconexlatam.com\/areas-de-practica\/planificacion-patrimonial-y-sucesoria\/#breadcrumb"},"inLanguage":"pt-BR","potentialAction":[{"@type":"ReadAction","target":["https:\/\/bconexlatam.com\/areas-de-practica\/planificacion-patrimonial-y-sucesoria\/"]}]},{"@type":"ImageObject","inLanguage":"pt-BR","@id":"https:\/\/bconexlatam.com\/areas-de-practica\/planificacion-patrimonial-y-sucesoria\/#primaryimage","url":"https:\/\/bconexlatam.com\/wp-content\/uploads\/2024\/11\/BCONEX_Diseno-web_Areas_4.webp","contentUrl":"https:\/\/bconexlatam.com\/wp-content\/uploads\/2024\/11\/BCONEX_Diseno-web_Areas_4.webp","width":1201,"height":628},{"@type":"BreadcrumbList","@id":"https:\/\/bconexlatam.com\/areas-de-practica\/planificacion-patrimonial-y-sucesoria\/#breadcrumb","itemListElement":[{"@type":"ListItem","position":1,"name":"Inicio","item":"https:\/\/bconexlatam.com\/"},{"@type":"ListItem","position":2,"name":"\u00c1reas de pr\u00e1ctica","item":"https:\/\/bconexlatam.com\/areas-de-practica\/"},{"@type":"ListItem","position":3,"name":"Planificaci\u00f3n Patrimonial y Sucesoria"}]},{"@type":"WebSite","@id":"https:\/\/bconexlatam.com\/#website","url":"https:\/\/bconexlatam.com\/","name":"B-Conex Latam","description":"Gesti\u00f3n legal integral para Am\u00e9rica Latina","publisher":{"@id":"https:\/\/bconexlatam.com\/#organization"},"potentialAction":[{"@type":"SearchAction","target":{"@type":"EntryPoint","urlTemplate":"https:\/\/bconexlatam.com\/?s={search_term_string}"},"query-input":{"@type":"PropertyValueSpecification","valueRequired":true,"valueName":"search_term_string"}}],"inLanguage":"pt-BR"},{"@type":"Organization","@id":"https:\/\/bconexlatam.com\/#organization","name":"B-Conex Latam","url":"https:\/\/bconexlatam.com\/","logo":{"@type":"ImageObject","inLanguage":"pt-BR","@id":"https:\/\/bconexlatam.com\/#\/schema\/logo\/image\/","url":"https:\/\/bconexlatam.com\/wp-content\/uploads\/2025\/05\/logoBLANCObconex-01-1.svg","contentUrl":"https:\/\/bconexlatam.com\/wp-content\/uploads\/2025\/05\/logoBLANCObconex-01-1.svg","width":300,"height":102,"caption":"B-Conex Latam"},"image":{"@id":"https:\/\/bconexlatam.com\/#\/schema\/logo\/image\/"},"sameAs":["https:\/\/www.linkedin.com\/company\/b-conex\/"]}]}},"_links":{"self":[{"href":"https:\/\/bconexlatam.com\/pt\/wp-json\/wp\/v2\/pages\/194","targetHints":{"allow":["GET"]}}],"collection":[{"href":"https:\/\/bconexlatam.com\/pt\/wp-json\/wp\/v2\/pages"}],"about":[{"href":"https:\/\/bconexlatam.com\/pt\/wp-json\/wp\/v2\/types\/page"}],"author":[{"embeddable":true,"href":"https:\/\/bconexlatam.com\/pt\/wp-json\/wp\/v2\/users\/3"}],"replies":[{"embeddable":true,"href":"https:\/\/bconexlatam.com\/pt\/wp-json\/wp\/v2\/comments?post=194"}],"version-history":[{"count":14,"href":"https:\/\/bconexlatam.com\/pt\/wp-json\/wp\/v2\/pages\/194\/revisions"}],"predecessor-version":[{"id":1219,"href":"https:\/\/bconexlatam.com\/pt\/wp-json\/wp\/v2\/pages\/194\/revisions\/1219"}],"up":[{"embeddable":true,"href":"https:\/\/bconexlatam.com\/pt\/wp-json\/wp\/v2\/pages\/171"}],"wp:featuredmedia":[{"embeddable":true,"href":"https:\/\/bconexlatam.com\/pt\/wp-json\/wp\/v2\/media\/348"}],"wp:attachment":[{"href":"https:\/\/bconexlatam.com\/pt\/wp-json\/wp\/v2\/media?parent=194"}],"curies":[{"name":"wp","href":"https:\/\/api.w.org\/{rel}","templated":true}]}}