{"id":196,"date":"2024-09-11T16:26:25","date_gmt":"2024-09-11T16:26:25","guid":{"rendered":"https:\/\/bconexlatam.com\/?page_id=196"},"modified":"2025-05-20T13:45:36","modified_gmt":"2025-05-20T16:45:36","slug":"propiedad-intelectual-y-nuevas-tecnologias","status":"publish","type":"page","link":"https:\/\/bconexlatam.com\/pt\/areas-de-practica\/propiedad-intelectual-y-nuevas-tecnologias\/","title":{"rendered":"Propriedade intelectual e novas tecnologias"},"content":{"rendered":"<div data-elementor-type=\"wp-page\" data-elementor-id=\"196\" class=\"elementor elementor-196\" data-elementor-post-type=\"page\">\n\t\t\t\t<div class=\"elementor-element elementor-element-f35588b e-flex e-con-boxed e-con e-parent\" data-id=\"f35588b\" data-element_type=\"container\" data-e-type=\"container\" data-settings=\"{&quot;background_background&quot;:&quot;classic&quot;}\">\n\t\t\t\t\t<div class=\"e-con-inner\">\n\t\t<div class=\"elementor-element elementor-element-41f814e e-con-full e-flex e-con e-child\" data-id=\"41f814e\" data-element_type=\"container\" data-e-type=\"container\">\n\t\t\t\t<div class=\"elementor-element elementor-element-1c4c615 elementor-widget elementor-widget-heading\" data-id=\"1c4c615\" data-element_type=\"widget\" data-e-type=\"widget\" data-widget_type=\"heading.default\">\n\t\t\t\t<div class=\"elementor-widget-container\">\n\t\t\t\t\t<h1 class=\"elementor-heading-title elementor-size-default\">Propriedade intelectual<\/h1>\t\t\t\t<\/div>\n\t\t\t\t<\/div>\n\t\t\t\t<\/div>\n\t\t<div class=\"elementor-element elementor-element-5af1b80 e-con-full e-flex e-con e-child\" data-id=\"5af1b80\" data-element_type=\"container\" data-e-type=\"container\" data-settings=\"{&quot;background_background&quot;:&quot;classic&quot;}\">\n\t\t\t\t<div class=\"elementor-element elementor-element-3fab8cf elementor-widget elementor-widget-text-editor\" data-id=\"3fab8cf\" data-element_type=\"widget\" data-e-type=\"widget\" data-widget_type=\"text-editor.default\">\n\t\t\t\t<div class=\"elementor-widget-container\">\n\t\t\t\t\t\t\t\t\tDesenvolvemos estrat\u00e9gias proativas que protegem a inova\u00e7\u00e3o e as cria\u00e7\u00f5es do cliente, bem como sua reputa\u00e7\u00e3o no mercado.\t\t\t\t\t\t\t\t<\/div>\n\t\t\t\t<\/div>\n\t\t\t\t<\/div>\n\t\t\t\t\t<\/div>\n\t\t\t\t<\/div>\n\t\t<div class=\"elementor-element elementor-element-1bdd6b3 e-flex e-con-boxed e-con e-parent\" data-id=\"1bdd6b3\" data-element_type=\"container\" data-e-type=\"container\" data-settings=\"{&quot;background_background&quot;:&quot;classic&quot;}\">\n\t\t\t\t\t<div class=\"e-con-inner\">\n\t\t<div class=\"elementor-element elementor-element-0c50d56 e-con-full e-flex e-con e-child\" data-id=\"0c50d56\" data-element_type=\"container\" data-e-type=\"container\">\n\t\t\t\t<div class=\"elementor-element elementor-element-1bb5e61 elementor-widget elementor-widget-heading\" data-id=\"1bb5e61\" data-element_type=\"widget\" data-e-type=\"widget\" data-widget_type=\"heading.default\">\n\t\t\t\t<div class=\"elementor-widget-container\">\n\t\t\t\t\t<h3 class=\"elementor-heading-title elementor-size-default\">1. assessoria e gerenciamento no registro de marcas e patentes em n\u00edvel local e internacional.<\/h3>\t\t\t\t<\/div>\n\t\t\t\t<\/div>\n\t\t\t\t<\/div>\n\t\t<div class=\"elementor-element elementor-element-b02a1e3 e-con-full e-flex e-con e-child\" data-id=\"b02a1e3\" data-element_type=\"container\" data-e-type=\"container\">\n\t\t\t\t<div class=\"elementor-element elementor-element-5bce68b elementor-widget elementor-widget-heading\" data-id=\"5bce68b\" data-element_type=\"widget\" data-e-type=\"widget\" data-widget_type=\"heading.default\">\n\t\t\t\t<div class=\"elementor-widget-container\">\n\t\t\t\t\t<h3 class=\"elementor-heading-title elementor-size-default\">Implementa\u00e7\u00e3o de estrat\u00e9gias para proteger e defender os direitos de propriedade intelectual.<\/h3>\t\t\t\t<\/div>\n\t\t\t\t<\/div>\n\t\t\t\t<\/div>\n\t\t<div class=\"elementor-element elementor-element-7e9b4d8 e-con-full e-flex e-con e-child\" data-id=\"7e9b4d8\" data-element_type=\"container\" data-e-type=\"container\">\n\t\t\t\t<div class=\"elementor-element elementor-element-3d12d34 elementor-widget elementor-widget-heading\" data-id=\"3d12d34\" data-element_type=\"widget\" data-e-type=\"widget\" data-widget_type=\"heading.default\">\n\t\t\t\t<div class=\"elementor-widget-container\">\n\t\t\t\t\t<h3 class=\"elementor-heading-title elementor-size-default\">3. Assessoria em contratos de licenciamento e transfer\u00eancia de direitos.<\/h3>\t\t\t\t<\/div>\n\t\t\t\t<\/div>\n\t\t\t\t<\/div>\n\t\t<div class=\"elementor-element elementor-element-4b2d4df e-con-full e-flex e-con e-child\" data-id=\"4b2d4df\" data-element_type=\"container\" data-e-type=\"container\">\n\t\t\t\t<div class=\"elementor-element elementor-element-5b5cc13 elementor-widget elementor-widget-heading\" data-id=\"5b5cc13\" data-element_type=\"widget\" data-e-type=\"widget\" data-widget_type=\"heading.default\">\n\t\t\t\t<div class=\"elementor-widget-container\">\n\t\t\t\t\t<h3 class=\"elementor-heading-title elementor-size-default\">4. Desenvolvimento de estrat\u00e9gias para a prote\u00e7\u00e3o abrangente de ativos de propriedade intelectual.<\/h3>\t\t\t\t<\/div>\n\t\t\t\t<\/div>\n\t\t\t\t<\/div>\n\t\t\t\t\t<\/div>\n\t\t\t\t<\/div>\n\t\t\t\t<\/div>","protected":false},"excerpt":{"rendered":"<p>Propiedad intelectual Desarrollamos estrategias proactivas que protegen la innovaci\u00f3n y creaciones del cliente, junto con su reputaci\u00f3n en el mercado. [&hellip;]<\/p>\n","protected":false},"author":3,"featured_media":1329,"parent":171,"menu_order":0,"comment_status":"closed","ping_status":"closed","template":"","meta":{"inline_featured_image":false,"site-sidebar-layout":"no-sidebar","site-content-layout":"","ast-site-content-layout":"full-width-container","site-content-style":"default","site-sidebar-style":"default","ast-global-header-display":"","ast-banner-title-visibility":"","ast-main-header-display":"","ast-hfb-above-header-display":"","ast-hfb-below-header-display":"","ast-hfb-mobile-header-display":"","site-post-title":"disabled","ast-breadcrumbs-content":"","ast-featured-img":"disabled","footer-sml-layout":"","ast-disable-related-posts":"","theme-transparent-header-meta":"","adv-header-id-meta":"","stick-header-meta":"","header-above-stick-meta":"","header-main-stick-meta":"","header-below-stick-meta":"","astra-migrate-meta-layouts":"default","ast-page-background-enabled":"default","ast-page-background-meta":{"desktop":{"background-color":"var(--ast-global-color-4)","background-image":"","background-repeat":"repeat","background-position":"center center","background-size":"auto","background-attachment":"scroll","background-type":"","background-media":"","overlay-type":"","overlay-color":"","overlay-opacity":"","overlay-gradient":""},"tablet":{"background-color":"","background-image":"","background-repeat":"repeat","background-position":"center center","background-size":"auto","background-attachment":"scroll","background-type":"","background-media":"","overlay-type":"","overlay-color":"","overlay-opacity":"","overlay-gradient":""},"mobile":{"background-color":"","background-image":"","background-repeat":"repeat","background-position":"center center","background-size":"auto","background-attachment":"scroll","background-type":"","background-media":"","overlay-type":"","overlay-color":"","overlay-opacity":"","overlay-gradient":""}},"ast-content-background-meta":{"desktop":{"background-color":"var(--ast-global-color-5)","background-image":"","background-repeat":"repeat","background-position":"center center","background-size":"auto","background-attachment":"scroll","background-type":"","background-media":"","overlay-type":"","overlay-color":"","overlay-opacity":"","overlay-gradient":""},"tablet":{"background-color":"var(--ast-global-color-5)","background-image":"","background-repeat":"repeat","background-position":"center center","background-size":"auto","background-attachment":"scroll","background-type":"","background-media":"","overlay-type":"","overlay-color":"","overlay-opacity":"","overlay-gradient":""},"mobile":{"background-color":"var(--ast-global-color-5)","background-image":"","background-repeat":"repeat","background-position":"center center","background-size":"auto","background-attachment":"scroll","background-type":"","background-media":"","overlay-type":"","overlay-color":"","overlay-opacity":"","overlay-gradient":""}},"footnotes":""},"class_list":["post-196","page","type-page","status-publish","has-post-thumbnail","hentry"],"yoast_head":"<!-- This site is optimized with the Yoast SEO plugin v27.5 - https:\/\/yoast.com\/product\/yoast-seo-wordpress\/ -->\n<title>Propiedad Intelectual y Nuevas Tecnolog\u00edas - B-Conex Latam<\/title>\n<meta name=\"description\" content=\"B-Conex Latam - Gesti\u00f3n legal integral para Am\u00e9rica Latina - Consulte sobre propiedad intelectual y nuevas tecnolog\u00edas\" \/>\n<meta name=\"robots\" content=\"index, follow, max-snippet:-1, max-image-preview:large, max-video-preview:-1\" \/>\n<link rel=\"canonical\" href=\"https:\/\/bconexlatam.com\/pt\/areas-de-practica\/propiedad-intelectual-y-nuevas-tecnologias\/\" \/>\n<meta property=\"og:locale\" content=\"pt_BR\" \/>\n<meta property=\"og:type\" content=\"article\" \/>\n<meta property=\"og:title\" content=\"Propiedad Intelectual y Nuevas Tecnolog\u00edas - B-Conex Latam\" \/>\n<meta property=\"og:description\" content=\"B-Conex Latam - Gesti\u00f3n legal integral para Am\u00e9rica Latina - Consulte sobre propiedad intelectual y nuevas tecnolog\u00edas\" \/>\n<meta property=\"og:url\" content=\"https:\/\/bconexlatam.com\/pt\/areas-de-practica\/propiedad-intelectual-y-nuevas-tecnologias\/\" \/>\n<meta property=\"og:site_name\" content=\"B-Conex Latam\" \/>\n<meta property=\"article:modified_time\" content=\"2025-05-20T16:45:36+00:00\" \/>\n<meta property=\"og:image\" content=\"https:\/\/bconexlatam.com\/wp-content\/uploads\/2025\/05\/BCONEX_Imagen-destacada-1.webp\" \/>\n\t<meta property=\"og:image:width\" content=\"1200\" \/>\n\t<meta property=\"og:image:height\" content=\"675\" \/>\n\t<meta property=\"og:image:type\" content=\"image\/webp\" \/>\n<meta name=\"twitter:card\" content=\"summary_large_image\" \/>\n<meta name=\"twitter:label1\" content=\"Est. tempo de leitura\" \/>\n\t<meta name=\"twitter:data1\" content=\"1 minuto\" \/>\n<script type=\"application\/ld+json\" class=\"yoast-schema-graph\">{\"@context\":\"https:\\\/\\\/schema.org\",\"@graph\":[{\"@type\":\"WebPage\",\"@id\":\"https:\\\/\\\/bconexlatam.com\\\/areas-de-practica\\\/propiedad-intelectual-y-nuevas-tecnologias\\\/\",\"url\":\"https:\\\/\\\/bconexlatam.com\\\/areas-de-practica\\\/propiedad-intelectual-y-nuevas-tecnologias\\\/\",\"name\":\"Propiedad Intelectual y Nuevas Tecnolog\u00edas - B-Conex Latam\",\"isPartOf\":{\"@id\":\"https:\\\/\\\/bconexlatam.com\\\/#website\"},\"primaryImageOfPage\":{\"@id\":\"https:\\\/\\\/bconexlatam.com\\\/areas-de-practica\\\/propiedad-intelectual-y-nuevas-tecnologias\\\/#primaryimage\"},\"image\":{\"@id\":\"https:\\\/\\\/bconexlatam.com\\\/areas-de-practica\\\/propiedad-intelectual-y-nuevas-tecnologias\\\/#primaryimage\"},\"thumbnailUrl\":\"https:\\\/\\\/bconexlatam.com\\\/wp-content\\\/uploads\\\/2025\\\/05\\\/BCONEX_Imagen-destacada-1.webp\",\"datePublished\":\"2024-09-11T16:26:25+00:00\",\"dateModified\":\"2025-05-20T16:45:36+00:00\",\"description\":\"B-Conex Latam - Gesti\u00f3n legal integral para Am\u00e9rica Latina - Consulte sobre propiedad intelectual y nuevas tecnolog\u00edas\",\"breadcrumb\":{\"@id\":\"https:\\\/\\\/bconexlatam.com\\\/areas-de-practica\\\/propiedad-intelectual-y-nuevas-tecnologias\\\/#breadcrumb\"},\"inLanguage\":\"pt-BR\",\"potentialAction\":[{\"@type\":\"ReadAction\",\"target\":[\"https:\\\/\\\/bconexlatam.com\\\/areas-de-practica\\\/propiedad-intelectual-y-nuevas-tecnologias\\\/\"]}]},{\"@type\":\"ImageObject\",\"inLanguage\":\"pt-BR\",\"@id\":\"https:\\\/\\\/bconexlatam.com\\\/areas-de-practica\\\/propiedad-intelectual-y-nuevas-tecnologias\\\/#primaryimage\",\"url\":\"https:\\\/\\\/bconexlatam.com\\\/wp-content\\\/uploads\\\/2025\\\/05\\\/BCONEX_Imagen-destacada-1.webp\",\"contentUrl\":\"https:\\\/\\\/bconexlatam.com\\\/wp-content\\\/uploads\\\/2025\\\/05\\\/BCONEX_Imagen-destacada-1.webp\",\"width\":1200,\"height\":675},{\"@type\":\"BreadcrumbList\",\"@id\":\"https:\\\/\\\/bconexlatam.com\\\/areas-de-practica\\\/propiedad-intelectual-y-nuevas-tecnologias\\\/#breadcrumb\",\"itemListElement\":[{\"@type\":\"ListItem\",\"position\":1,\"name\":\"Inicio\",\"item\":\"https:\\\/\\\/bconexlatam.com\\\/\"},{\"@type\":\"ListItem\",\"position\":2,\"name\":\"\u00c1reas de pr\u00e1ctica\",\"item\":\"https:\\\/\\\/bconexlatam.com\\\/areas-de-practica\\\/\"},{\"@type\":\"ListItem\",\"position\":3,\"name\":\"Propiedad Intelectual y Nuevas Tecnolog\u00edas\"}]},{\"@type\":\"WebSite\",\"@id\":\"https:\\\/\\\/bconexlatam.com\\\/#website\",\"url\":\"https:\\\/\\\/bconexlatam.com\\\/\",\"name\":\"B-Conex Latam\",\"description\":\"Gesti\u00f3n legal integral para Am\u00e9rica Latina\",\"publisher\":{\"@id\":\"https:\\\/\\\/bconexlatam.com\\\/#organization\"},\"potentialAction\":[{\"@type\":\"SearchAction\",\"target\":{\"@type\":\"EntryPoint\",\"urlTemplate\":\"https:\\\/\\\/bconexlatam.com\\\/?s={search_term_string}\"},\"query-input\":{\"@type\":\"PropertyValueSpecification\",\"valueRequired\":true,\"valueName\":\"search_term_string\"}}],\"inLanguage\":\"pt-BR\"},{\"@type\":\"Organization\",\"@id\":\"https:\\\/\\\/bconexlatam.com\\\/#organization\",\"name\":\"B-Conex Latam\",\"url\":\"https:\\\/\\\/bconexlatam.com\\\/\",\"logo\":{\"@type\":\"ImageObject\",\"inLanguage\":\"pt-BR\",\"@id\":\"https:\\\/\\\/bconexlatam.com\\\/#\\\/schema\\\/logo\\\/image\\\/\",\"url\":\"https:\\\/\\\/bconexlatam.com\\\/wp-content\\\/uploads\\\/2025\\\/05\\\/logoBLANCObconex-01-1.svg\",\"contentUrl\":\"https:\\\/\\\/bconexlatam.com\\\/wp-content\\\/uploads\\\/2025\\\/05\\\/logoBLANCObconex-01-1.svg\",\"width\":300,\"height\":102,\"caption\":\"B-Conex Latam\"},\"image\":{\"@id\":\"https:\\\/\\\/bconexlatam.com\\\/#\\\/schema\\\/logo\\\/image\\\/\"},\"sameAs\":[\"https:\\\/\\\/www.linkedin.com\\\/company\\\/b-conex\\\/\"]}]}<\/script>\n<!-- \/ Yoast SEO plugin. -->","yoast_head_json":{"title":"Propiedad Intelectual y Nuevas Tecnolog\u00edas - B-Conex Latam","description":"B-Conex Latam - Gesti\u00f3n legal integral para Am\u00e9rica Latina - Consulte sobre propiedad intelectual y nuevas tecnolog\u00edas","robots":{"index":"index","follow":"follow","max-snippet":"max-snippet:-1","max-image-preview":"max-image-preview:large","max-video-preview":"max-video-preview:-1"},"canonical":"https:\/\/bconexlatam.com\/pt\/areas-de-practica\/propiedad-intelectual-y-nuevas-tecnologias\/","og_locale":"pt_BR","og_type":"article","og_title":"Propiedad Intelectual y Nuevas Tecnolog\u00edas - B-Conex Latam","og_description":"B-Conex Latam - Gesti\u00f3n legal integral para Am\u00e9rica Latina - Consulte sobre propiedad intelectual y nuevas tecnolog\u00edas","og_url":"https:\/\/bconexlatam.com\/pt\/areas-de-practica\/propiedad-intelectual-y-nuevas-tecnologias\/","og_site_name":"B-Conex Latam","article_modified_time":"2025-05-20T16:45:36+00:00","og_image":[{"width":1200,"height":675,"url":"https:\/\/bconexlatam.com\/wp-content\/uploads\/2025\/05\/BCONEX_Imagen-destacada-1.webp","type":"image\/webp"}],"twitter_card":"summary_large_image","twitter_misc":{"Est. tempo de leitura":"1 minuto"},"schema":{"@context":"https:\/\/schema.org","@graph":[{"@type":"WebPage","@id":"https:\/\/bconexlatam.com\/areas-de-practica\/propiedad-intelectual-y-nuevas-tecnologias\/","url":"https:\/\/bconexlatam.com\/areas-de-practica\/propiedad-intelectual-y-nuevas-tecnologias\/","name":"Propiedad Intelectual y Nuevas Tecnolog\u00edas - B-Conex Latam","isPartOf":{"@id":"https:\/\/bconexlatam.com\/#website"},"primaryImageOfPage":{"@id":"https:\/\/bconexlatam.com\/areas-de-practica\/propiedad-intelectual-y-nuevas-tecnologias\/#primaryimage"},"image":{"@id":"https:\/\/bconexlatam.com\/areas-de-practica\/propiedad-intelectual-y-nuevas-tecnologias\/#primaryimage"},"thumbnailUrl":"https:\/\/bconexlatam.com\/wp-content\/uploads\/2025\/05\/BCONEX_Imagen-destacada-1.webp","datePublished":"2024-09-11T16:26:25+00:00","dateModified":"2025-05-20T16:45:36+00:00","description":"B-Conex Latam - Gesti\u00f3n legal integral para Am\u00e9rica Latina - Consulte sobre propiedad intelectual y nuevas tecnolog\u00edas","breadcrumb":{"@id":"https:\/\/bconexlatam.com\/areas-de-practica\/propiedad-intelectual-y-nuevas-tecnologias\/#breadcrumb"},"inLanguage":"pt-BR","potentialAction":[{"@type":"ReadAction","target":["https:\/\/bconexlatam.com\/areas-de-practica\/propiedad-intelectual-y-nuevas-tecnologias\/"]}]},{"@type":"ImageObject","inLanguage":"pt-BR","@id":"https:\/\/bconexlatam.com\/areas-de-practica\/propiedad-intelectual-y-nuevas-tecnologias\/#primaryimage","url":"https:\/\/bconexlatam.com\/wp-content\/uploads\/2025\/05\/BCONEX_Imagen-destacada-1.webp","contentUrl":"https:\/\/bconexlatam.com\/wp-content\/uploads\/2025\/05\/BCONEX_Imagen-destacada-1.webp","width":1200,"height":675},{"@type":"BreadcrumbList","@id":"https:\/\/bconexlatam.com\/areas-de-practica\/propiedad-intelectual-y-nuevas-tecnologias\/#breadcrumb","itemListElement":[{"@type":"ListItem","position":1,"name":"Inicio","item":"https:\/\/bconexlatam.com\/"},{"@type":"ListItem","position":2,"name":"\u00c1reas de pr\u00e1ctica","item":"https:\/\/bconexlatam.com\/areas-de-practica\/"},{"@type":"ListItem","position":3,"name":"Propiedad Intelectual y Nuevas Tecnolog\u00edas"}]},{"@type":"WebSite","@id":"https:\/\/bconexlatam.com\/#website","url":"https:\/\/bconexlatam.com\/","name":"B-Conex Latam","description":"Gesti\u00f3n legal integral para Am\u00e9rica Latina","publisher":{"@id":"https:\/\/bconexlatam.com\/#organization"},"potentialAction":[{"@type":"SearchAction","target":{"@type":"EntryPoint","urlTemplate":"https:\/\/bconexlatam.com\/?s={search_term_string}"},"query-input":{"@type":"PropertyValueSpecification","valueRequired":true,"valueName":"search_term_string"}}],"inLanguage":"pt-BR"},{"@type":"Organization","@id":"https:\/\/bconexlatam.com\/#organization","name":"B-Conex Latam","url":"https:\/\/bconexlatam.com\/","logo":{"@type":"ImageObject","inLanguage":"pt-BR","@id":"https:\/\/bconexlatam.com\/#\/schema\/logo\/image\/","url":"https:\/\/bconexlatam.com\/wp-content\/uploads\/2025\/05\/logoBLANCObconex-01-1.svg","contentUrl":"https:\/\/bconexlatam.com\/wp-content\/uploads\/2025\/05\/logoBLANCObconex-01-1.svg","width":300,"height":102,"caption":"B-Conex Latam"},"image":{"@id":"https:\/\/bconexlatam.com\/#\/schema\/logo\/image\/"},"sameAs":["https:\/\/www.linkedin.com\/company\/b-conex\/"]}]}},"_links":{"self":[{"href":"https:\/\/bconexlatam.com\/pt\/wp-json\/wp\/v2\/pages\/196","targetHints":{"allow":["GET"]}}],"collection":[{"href":"https:\/\/bconexlatam.com\/pt\/wp-json\/wp\/v2\/pages"}],"about":[{"href":"https:\/\/bconexlatam.com\/pt\/wp-json\/wp\/v2\/types\/page"}],"author":[{"embeddable":true,"href":"https:\/\/bconexlatam.com\/pt\/wp-json\/wp\/v2\/users\/3"}],"replies":[{"embeddable":true,"href":"https:\/\/bconexlatam.com\/pt\/wp-json\/wp\/v2\/comments?post=196"}],"version-history":[{"count":20,"href":"https:\/\/bconexlatam.com\/pt\/wp-json\/wp\/v2\/pages\/196\/revisions"}],"predecessor-version":[{"id":1222,"href":"https:\/\/bconexlatam.com\/pt\/wp-json\/wp\/v2\/pages\/196\/revisions\/1222"}],"up":[{"embeddable":true,"href":"https:\/\/bconexlatam.com\/pt\/wp-json\/wp\/v2\/pages\/171"}],"wp:featuredmedia":[{"embeddable":true,"href":"https:\/\/bconexlatam.com\/pt\/wp-json\/wp\/v2\/media\/1329"}],"wp:attachment":[{"href":"https:\/\/bconexlatam.com\/pt\/wp-json\/wp\/v2\/media?parent=196"}],"curies":[{"name":"wp","href":"https:\/\/api.w.org\/{rel}","templated":true}]}}